{"id":4922,"date":"2024-11-28T09:02:23","date_gmt":"2024-11-28T12:02:23","guid":{"rendered":"https:\/\/www.brafip.org.br\/brafip\/?page_id=4922"},"modified":"2024-11-28T09:02:25","modified_gmt":"2024-11-28T12:02:25","slug":"clipping","status":"publish","type":"page","link":"https:\/\/brafip.org.br\/brafip\/clipping\/","title":{"rendered":"Clipping"},"content":{"rendered":"\n<p>Veja nesta sess\u00e3o as not\u00edcias sobre a BraFip e suas atividade.<\/p>\n\n\n\n<figure class=\"wp-block-image size-full\"><img fetchpriority=\"high\" decoding=\"async\" width=\"800\" height=\"533\" src=\"https:\/\/brafip.org.br\/brafip\/wp-content\/uploads\/2024\/11\/image.png\" alt=\"\" class=\"wp-image-4923\" srcset=\"https:\/\/brafip.org.br\/brafip\/wp-content\/uploads\/2024\/11\/image.png 800w, https:\/\/brafip.org.br\/brafip\/wp-content\/uploads\/2024\/11\/image-300x200.png 300w, https:\/\/brafip.org.br\/brafip\/wp-content\/uploads\/2024\/11\/image-768x512.png 768w\" sizes=\"(max-width: 800px) 100vw, 800px\" \/><\/figure>\n\n\n\n<p>PCT Guam\u00e1 realiza segunda edi\u00e7\u00e3o do Amaz\u00f4nia Tech e sedia IncoDay<br><a href=\"https:\/\/agenciapara.com.br\/noticia\/61697\/pct-guama-realiza-segunda-edicao-do-amazonia-tech-e-sedia-incoday\">https:\/\/agenciapara.com.br\/noticia\/61697\/pct-guama-realiza-segunda-edicao-do-amazonia-tech-e-sedia-incoday<\/a><\/p>\n\n\n\n<p><\/p>\n","protected":false},"excerpt":{"rendered":"<p>Veja nesta sess\u00e3o as not\u00edcias sobre a BraFip e suas atividade. PCT Guam\u00e1 realiza segunda edi\u00e7\u00e3o do Amaz\u00f4nia Tech e sedia IncoDayhttps:\/\/agenciapara.com.br\/noticia\/61697\/pct-guama-realiza-segunda-edicao-do-amazonia-tech-e-sedia-incoday<\/p>\n","protected":false},"author":5,"featured_media":0,"parent":0,"menu_order":0,"comment_status":"closed","ping_status":"closed","template":"","meta":{"_price":"","_stock":"","_tribe_ticket_header":"","_tribe_default_ticket_provider":"","_tribe_ticket_capacity":"0","_ticket_start_date":"","_ticket_end_date":"","_tribe_ticket_show_description":"","_tribe_ticket_show_not_going":false,"_tribe_ticket_use_global_stock":"","_tribe_ticket_global_stock_level":"","_global_stock_mode":"","_global_stock_cap":"","_tribe_rsvp_for_event":"","_tribe_ticket_going_count":"","_tribe_ticket_not_going_count":"","_tribe_tickets_list":"[]","_tribe_ticket_has_attendee_info_fields":false,"footnotes":"","_tec_slr_enabled":"","_tec_slr_layout":""},"class_list":["post-4922","page","type-page","status-publish","hentry"],"ticketed":false,"_links":{"self":[{"href":"https:\/\/brafip.org.br\/brafip\/wp-json\/wp\/v2\/pages\/4922","targetHints":{"allow":["GET"]}}],"collection":[{"href":"https:\/\/brafip.org.br\/brafip\/wp-json\/wp\/v2\/pages"}],"about":[{"href":"https:\/\/brafip.org.br\/brafip\/wp-json\/wp\/v2\/types\/page"}],"author":[{"embeddable":true,"href":"https:\/\/brafip.org.br\/brafip\/wp-json\/wp\/v2\/users\/5"}],"replies":[{"embeddable":true,"href":"https:\/\/brafip.org.br\/brafip\/wp-json\/wp\/v2\/comments?post=4922"}],"version-history":[{"count":1,"href":"https:\/\/brafip.org.br\/brafip\/wp-json\/wp\/v2\/pages\/4922\/revisions"}],"predecessor-version":[{"id":4924,"href":"https:\/\/brafip.org.br\/brafip\/wp-json\/wp\/v2\/pages\/4922\/revisions\/4924"}],"wp:attachment":[{"href":"https:\/\/brafip.org.br\/brafip\/wp-json\/wp\/v2\/media?parent=4922"}],"curies":[{"name":"wp","href":"https:\/\/api.w.org\/{rel}","templated":true}]}}