{"id":391,"date":"2018-11-21T12:16:33","date_gmt":"2018-11-21T15:16:33","guid":{"rendered":"http:\/\/www.brafip.org.br\/brafip\/\/?page_id=391"},"modified":"2020-06-25T11:27:48","modified_gmt":"2020-06-25T14:27:48","slug":"fale-conosco","status":"publish","type":"page","link":"https:\/\/brafip.org.br\/brafip\/fale-conosco\/","title":{"rendered":"Fale Conosco"},"content":{"rendered":"\t\t<div data-elementor-type=\"wp-post\" data-elementor-id=\"391\" class=\"elementor elementor-391 elementor-bc-flex-widget\">\n\t\t\t\t\t\t<section class=\"elementor-section elementor-top-section elementor-element elementor-element-922cce6 elementor-section-boxed elementor-section-height-default elementor-section-height-default\" data-id=\"922cce6\" data-element_type=\"section\" data-e-type=\"section\">\n\t\t\t\t\t\t<div class=\"elementor-container elementor-column-gap-default\">\n\t\t\t\t\t<div class=\"elementor-column elementor-col-50 elementor-top-column elementor-element elementor-element-7c429a0\" data-id=\"7c429a0\" data-element_type=\"column\" data-e-type=\"column\">\n\t\t\t<div class=\"elementor-widget-wrap elementor-element-populated\">\n\t\t\t\t\t\t<div class=\"elementor-element elementor-element-00b631f elementor-widget elementor-widget-heading\" data-id=\"00b631f\" data-element_type=\"widget\" data-e-type=\"widget\" data-widget_type=\"heading.default\">\n\t\t\t\t<div class=\"elementor-widget-container\">\n\t\t\t\t\t<h2 class=\"elementor-heading-title elementor-size-default\">FALE CONOSCO<\/h2>\t\t\t\t<\/div>\n\t\t\t\t<\/div>\n\t\t\t\t<div class=\"elementor-element elementor-element-6c0c04c elementor-widget elementor-widget-shortcode\" data-id=\"6c0c04c\" data-element_type=\"widget\" data-e-type=\"widget\" data-widget_type=\"shortcode.default\">\n\t\t\t\t<div class=\"elementor-widget-container\">\n\t\t\t\t\t\t\t<div class=\"elementor-shortcode\">\n<div class=\"wpcf7 no-js\" id=\"wpcf7-f133-o1\" lang=\"pt-PT\" dir=\"ltr\" data-wpcf7-id=\"133\">\n<div class=\"screen-reader-response\"><p role=\"status\" aria-live=\"polite\" aria-atomic=\"true\"><\/p> <ul><\/ul><\/div>\n<form action=\"\/brafip\/wp-json\/wp\/v2\/pages\/391#wpcf7-f133-o1\" method=\"post\" class=\"wpcf7-form init\" aria-label=\"Formul\u00e1rio de contacto\" novalidate=\"novalidate\" data-status=\"init\">\n<fieldset class=\"hidden-fields-container\"><input type=\"hidden\" name=\"_wpcf7\" value=\"133\" \/><input type=\"hidden\" name=\"_wpcf7_version\" value=\"6.1.6\" \/><input type=\"hidden\" name=\"_wpcf7_locale\" value=\"pt_PT\" \/><input type=\"hidden\" name=\"_wpcf7_unit_tag\" value=\"wpcf7-f133-o1\" \/><input type=\"hidden\" name=\"_wpcf7_container_post\" value=\"0\" \/><input type=\"hidden\" name=\"_wpcf7_posted_data_hash\" value=\"\" \/>\n<\/fieldset>\n<p>Nome: <span class=\"wpcf7-form-control-wrap\" data-name=\"your-name\"><input size=\"40\" maxlength=\"400\" class=\"wpcf7-form-control wpcf7-text wpcf7-validates-as-required\" aria-required=\"true\" aria-invalid=\"false\" value=\"\" type=\"text\" name=\"your-name\" \/><\/span>\n<\/p>\n<p>E-mail: <span class=\"wpcf7-form-control-wrap\" data-name=\"your-email\"><input size=\"40\" maxlength=\"400\" class=\"wpcf7-form-control wpcf7-email wpcf7-validates-as-required wpcf7-text wpcf7-validates-as-email\" aria-required=\"true\" aria-invalid=\"false\" value=\"\" type=\"email\" name=\"your-email\" \/><\/span>\n<\/p>\n<p>Empresa: <span class=\"wpcf7-form-control-wrap\" data-name=\"empresa\"><input size=\"40\" maxlength=\"400\" class=\"wpcf7-form-control wpcf7-text wpcf7-validates-as-required\" aria-required=\"true\" aria-invalid=\"false\" value=\"\" type=\"text\" name=\"empresa\" \/><\/span>\n<\/p>\n<p>Cargo: <span class=\"wpcf7-form-control-wrap\" data-name=\"cargo\"><input size=\"40\" maxlength=\"400\" class=\"wpcf7-form-control wpcf7-text wpcf7-validates-as-required\" aria-required=\"true\" aria-invalid=\"false\" value=\"\" type=\"text\" name=\"cargo\" \/><\/span>\n<\/p>\n<p>Telefone: <span class=\"wpcf7-form-control-wrap\" data-name=\"telefone\"><input size=\"40\" maxlength=\"400\" class=\"wpcf7-form-control wpcf7-tel wpcf7-validates-as-required wpcf7-text wpcf7-validates-as-tel\" aria-required=\"true\" aria-invalid=\"false\" value=\"\" type=\"tel\" name=\"telefone\" \/><\/span>\n<\/p>\n<p>Pa\u00eds: <span class=\"wpcf7-form-control-wrap\" data-name=\"pais\"><select class=\"wpcf7-form-control wpcf7-select wpcf7-validates-as-required\" aria-required=\"true\" aria-invalid=\"false\" name=\"pais\"><option value=\"\">Selecione o pa\u00eds<\/option><option value=\"Afeganist\u00e3o\">Afeganist\u00e3o<\/option><option value=\"\u00c1frica do Sul\">\u00c1frica do Sul<\/option><option value=\"Alb\u00e2nia\">Alb\u00e2nia<\/option><option value=\"Alemanha\">Alemanha<\/option><option value=\"Andorra\">Andorra<\/option><option value=\"Angola\">Angola<\/option><option value=\"Antiga e Barbuda\">Antiga e Barbuda<\/option><option value=\"Ar\u00e1bia Saudita\">Ar\u00e1bia Saudita<\/option><option value=\"Arg\u00e9lia\">Arg\u00e9lia<\/option><option value=\"Argentina\">Argentina<\/option><option value=\"Arm\u00e9nia\">Arm\u00e9nia<\/option><option value=\"Austr\u00e1lia\">Austr\u00e1lia<\/option><option value=\"\u00c1ustria\">\u00c1ustria<\/option><option value=\"Azerbaij\u00e3o\">Azerbaij\u00e3o<\/option><option value=\"Bahamas\">Bahamas<\/option><option value=\"Bangladexe\">Bangladexe<\/option><option value=\"Barbados\">Barbados<\/option><option value=\"Bar\u00e9m\">Bar\u00e9m<\/option><option value=\"B\u00e9lgica\">B\u00e9lgica<\/option><option value=\"Belize\">Belize<\/option><option value=\"Benim\">Benim<\/option><option value=\"Bielorr\u00fassia\">Bielorr\u00fassia<\/option><option value=\"Bol\u00edvia\">Bol\u00edvia<\/option><option value=\"B\u00f3snia e Herzegovina\">B\u00f3snia e Herzegovina<\/option><option value=\"Botsuana\">Botsuana<\/option><option value=\"Brasil\">Brasil<\/option><option value=\"Brunei\">Brunei<\/option><option value=\"Bulg\u00e1ria\">Bulg\u00e1ria<\/option><option value=\"Burquina Faso\">Burquina Faso<\/option><option value=\"Bur\u00fandi\">Bur\u00fandi<\/option><option value=\"But\u00e3o\">But\u00e3o<\/option><option value=\"Cabo Verde\">Cabo Verde<\/option><option value=\"Camar\u00f5es\">Camar\u00f5es<\/option><option value=\"Camboja\">Camboja<\/option><option value=\"Canad\u00e1\">Canad\u00e1<\/option><option value=\"Catar\">Catar<\/option><option value=\"Cazaquist\u00e3o\">Cazaquist\u00e3o<\/option><option value=\"Chade\">Chade<\/option><option value=\"Chile\">Chile<\/option><option value=\"China\">China<\/option><option value=\"Chipre\">Chipre<\/option><option value=\"Col\u00f4mbia\">Col\u00f4mbia<\/option><option value=\"Comores\">Comores<\/option><option value=\"Congo-Brazzaville\">Congo-Brazzaville<\/option><option value=\"Coreia do Norte\">Coreia do Norte<\/option><option value=\"Coreia do Sul\">Coreia do Sul<\/option><option value=\"Cosovo\">Cosovo<\/option><option value=\"Costa do Marfim\">Costa do Marfim<\/option><option value=\"Costa Rica\">Costa Rica<\/option><option value=\"Cro\u00e1cia\">Cro\u00e1cia<\/option><option value=\"Cuaite\">Cuaite<\/option><option value=\"Cuba\">Cuba<\/option><option value=\"Dinamarca\">Dinamarca<\/option><option value=\"Dominica\">Dominica<\/option><option value=\"Egito\">Egito<\/option><option value=\"Emirados \u00c1rabes Unidos\">Emirados \u00c1rabes Unidos<\/option><option value=\"Equador\">Equador<\/option><option value=\"Eritreia\">Eritreia<\/option><option value=\"Eslov\u00e1quia\">Eslov\u00e1quia<\/option><option value=\"Eslov\u00e9nia\">Eslov\u00e9nia<\/option><option value=\"Espanha\">Espanha<\/option><option value=\"Estado da Palestina\">Estado da Palestina<\/option><option value=\"Estados Unidos\">Estados Unidos<\/option><option value=\"Est\u00f3nia\">Est\u00f3nia<\/option><option value=\"Eti\u00f3pia\">Eti\u00f3pia<\/option><option value=\"Fiji\">Fiji<\/option><option value=\"Filipinas\">Filipinas<\/option><option value=\"Finl\u00e2ndia\">Finl\u00e2ndia<\/option><option value=\"Fran\u00e7a\">Fran\u00e7a<\/option><option value=\"Gab\u00e3o\">Gab\u00e3o<\/option><option value=\"G\u00e2mbia\">G\u00e2mbia<\/option><option value=\"Gana\">Gana<\/option><option value=\"Ge\u00f3rgia\">Ge\u00f3rgia<\/option><option value=\"Granada\">Granada<\/option><option value=\"Gr\u00e9cia\">Gr\u00e9cia<\/option><option value=\"Guatemala\">Guatemala<\/option><option value=\"Guiana\">Guiana<\/option><option value=\"Guin\u00e9\">Guin\u00e9<\/option><option value=\"Guin\u00e9 Equatorial\">Guin\u00e9 Equatorial<\/option><option value=\"Guin\u00e9-Bissau\">Guin\u00e9-Bissau<\/option><option value=\"Haiti\">Haiti<\/option><option value=\"Honduras\">Honduras<\/option><option value=\"Hungria\">Hungria<\/option><option value=\"I\u00e9men\">I\u00e9men<\/option><option value=\"Ilhas Marechal\">Ilhas Marechal<\/option><option value=\"\u00cdndia\">\u00cdndia<\/option><option value=\"Indon\u00e9sia\">Indon\u00e9sia<\/option><option value=\"Ir\u00e3o\">Ir\u00e3o<\/option><option value=\"Iraque\">Iraque<\/option><option value=\"Irlanda\">Irlanda<\/option><option value=\"Isl\u00e2ndia\">Isl\u00e2ndia<\/option><option value=\"Israel\">Israel<\/option><option value=\"It\u00e1lia\">It\u00e1lia<\/option><option value=\"Jamaica\">Jamaica<\/option><option value=\"Jap\u00e3o\">Jap\u00e3o<\/option><option value=\"Jibuti\">Jibuti<\/option><option value=\"Jord\u00e2nia\">Jord\u00e2nia<\/option><option value=\"Laus\">Laus<\/option><option value=\"Lesoto\">Lesoto<\/option><option value=\"Let\u00f3nia\">Let\u00f3nia<\/option><option value=\"L\u00edbano\">L\u00edbano<\/option><option value=\"Lib\u00e9ria\">Lib\u00e9ria<\/option><option value=\"L\u00edbia\">L\u00edbia<\/option><option value=\"Listenstaine\">Listenstaine<\/option><option value=\"Litu\u00e2nia\">Litu\u00e2nia<\/option><option value=\"Luxemburgo\">Luxemburgo<\/option><option value=\"Maced\u00f3nia\">Maced\u00f3nia<\/option><option value=\"Madag\u00e1scar\">Madag\u00e1scar<\/option><option value=\"Mal\u00e1sia\">Mal\u00e1sia<\/option><option value=\"Mal\u00e1ui\">Mal\u00e1ui<\/option><option value=\"Maldivas\">Maldivas<\/option><option value=\"Mali\">Mali<\/option><option value=\"Malta\">Malta<\/option><option value=\"Marrocos\">Marrocos<\/option><option value=\"Maur\u00edcia\">Maur\u00edcia<\/option><option value=\"Maurit\u00e2nia\">Maurit\u00e2nia<\/option><option value=\"M\u00e9xico\">M\u00e9xico<\/option><option value=\"Mianmar\">Mianmar<\/option><option value=\"Micron\u00e9sia\">Micron\u00e9sia<\/option><option value=\"Mo\u00e7ambique\">Mo\u00e7ambique<\/option><option value=\"Mold\u00e1via\">Mold\u00e1via<\/option><option value=\"M\u00f3naco\">M\u00f3naco<\/option><option value=\"Mong\u00f3lia\">Mong\u00f3lia<\/option><option value=\"Montenegro\">Montenegro<\/option><option value=\"Nam\u00edbia\">Nam\u00edbia<\/option><option value=\"Nauru\">Nauru<\/option><option value=\"Nepal\">Nepal<\/option><option value=\"Nicar\u00e1gua\">Nicar\u00e1gua<\/option><option value=\"N\u00edger\">N\u00edger<\/option><option value=\"Nig\u00e9ria\">Nig\u00e9ria<\/option><option value=\"Noruega\">Noruega<\/option><option value=\"Nova Zel\u00e2ndia\">Nova Zel\u00e2ndia<\/option><option value=\"Om\u00e3\">Om\u00e3<\/option><option value=\"Pa\u00edses Baixos\">Pa\u00edses Baixos<\/option><option value=\"Palau\">Palau<\/option><option value=\"Panam\u00e1\">Panam\u00e1<\/option><option value=\"Papua Nova Guin\u00e9\">Papua Nova Guin\u00e9<\/option><option value=\"Paquist\u00e3o\">Paquist\u00e3o<\/option><option value=\"Paraguai\">Paraguai<\/option><option value=\"Peru\">Peru<\/option><option value=\"Pol\u00f3nia\">Pol\u00f3nia<\/option><option value=\"Portugal\">Portugal<\/option><option value=\"Qu\u00e9nia\">Qu\u00e9nia<\/option><option value=\"Quirguist\u00e3o\">Quirguist\u00e3o<\/option><option value=\"Quirib\u00e1ti\">Quirib\u00e1ti<\/option><option value=\"Reino Unido\">Reino Unido<\/option><option value=\"Rep\u00fablica Centro-Africana\">Rep\u00fablica Centro-Africana<\/option><option value=\"Rep\u00fablica Checa\">Rep\u00fablica Checa<\/option><option value=\"Rep\u00fablica Democr\u00e1tica do Congo\">Rep\u00fablica Democr\u00e1tica do Congo<\/option><option value=\"Rep\u00fablica Dominicana\">Rep\u00fablica Dominicana<\/option><option value=\"Rom\u00e9nia\">Rom\u00e9nia<\/option><option value=\"Ruanda\">Ruanda<\/option><option value=\"R\u00fassia\">R\u00fassia<\/option><option value=\"Salom\u00e3o\">Salom\u00e3o<\/option><option value=\"Salvador\">Salvador<\/option><option value=\"Samoa\">Samoa<\/option><option value=\"Santa L\u00facia\">Santa L\u00facia<\/option><option value=\"S\u00e3o Crist\u00f3v\u00e3o e Neves\">S\u00e3o Crist\u00f3v\u00e3o e Neves<\/option><option value=\"S\u00e3o Marinho\">S\u00e3o Marinho<\/option><option value=\"S\u00e3o Tom\u00e9 e Pr\u00edncipe\">S\u00e3o Tom\u00e9 e Pr\u00edncipe<\/option><option value=\"S\u00e3o Vicente e Granadinas\">S\u00e3o Vicente e Granadinas<\/option><option value=\"Seicheles\">Seicheles<\/option><option value=\"Senegal\">Senegal<\/option><option value=\"Serra Leoa\">Serra Leoa<\/option><option value=\"S\u00e9rvia\">S\u00e9rvia<\/option><option value=\"Singapura\">Singapura<\/option><option value=\"S\u00edria\">S\u00edria<\/option><option value=\"Som\u00e1lia\">Som\u00e1lia<\/option><option value=\"Sri Lanca\">Sri Lanca<\/option><option value=\"Suazil\u00e2ndia\">Suazil\u00e2ndia<\/option><option value=\"Sud\u00e3o\">Sud\u00e3o<\/option><option value=\"Sud\u00e3o do Sul\">Sud\u00e3o do Sul<\/option><option value=\"Su\u00e9cia\">Su\u00e9cia<\/option><option value=\"Su\u00ed\u00e7a\">Su\u00ed\u00e7a<\/option><option value=\"Suriname\">Suriname<\/option><option value=\"Tail\u00e2ndia\">Tail\u00e2ndia<\/option><option value=\"Taiu\u00e3\">Taiu\u00e3<\/option><option value=\"Tajiquist\u00e3o\">Tajiquist\u00e3o<\/option><option value=\"Tanz\u00e2nia\">Tanz\u00e2nia<\/option><option value=\"Timor-Leste\">Timor-Leste<\/option><option value=\"Togo\">Togo<\/option><option value=\"Tonga\">Tonga<\/option><option value=\"Trindade e Tobago\">Trindade e Tobago<\/option><option value=\"Tun\u00edsia\">Tun\u00edsia<\/option><option value=\"Turcomenist\u00e3o\">Turcomenist\u00e3o<\/option><option value=\"Turquia\">Turquia<\/option><option value=\"Tuvalu\">Tuvalu<\/option><option value=\"Ucr\u00e2nia\">Ucr\u00e2nia<\/option><option value=\"Uganda\">Uganda<\/option><option value=\"Uruguai\">Uruguai<\/option><option value=\"Usbequist\u00e3o\">Usbequist\u00e3o<\/option><option value=\"Vanuatu\">Vanuatu<\/option><option value=\"Vaticano\">Vaticano<\/option><option value=\"Venezuela\">Venezuela<\/option><option value=\"Vietname\">Vietname<\/option><option value=\"Z\u00e2mbia\">Z\u00e2mbia<\/option><option value=\"Zimb\u00e1bue\">Zimb\u00e1bue<\/option><\/select><\/span>\n<\/p>\n<p>CEP: <span class=\"wpcf7-form-control-wrap\" data-name=\"cep\"><input size=\"40\" maxlength=\"400\" class=\"wpcf7-form-control wpcf7-text wpcf7-validates-as-required\" aria-required=\"true\" aria-invalid=\"false\" value=\"\" type=\"text\" name=\"cep\" \/><\/span>\n<\/p>\n<p>Endere\u00e7o: <span class=\"wpcf7-form-control-wrap\" data-name=\"endereco\"><input size=\"40\" maxlength=\"400\" class=\"wpcf7-form-control wpcf7-text wpcf7-validates-as-required\" aria-required=\"true\" aria-invalid=\"false\" value=\"\" type=\"text\" name=\"endereco\" \/><\/span>\n<\/p>\n<p>Menssagem:<br \/>\n<span class=\"wpcf7-form-control-wrap\" data-name=\"mensagem\"><textarea cols=\"40\" rows=\"10\" maxlength=\"2000\" class=\"wpcf7-form-control wpcf7-textarea wpcf7-validates-as-required\" aria-required=\"true\" aria-invalid=\"false\" name=\"mensagem\"><\/textarea><\/span>\n<\/p>\n<p>Digite este c\u00f3digo: <input type=\"hidden\" name=\"_wpcf7_captcha_challenge_captcha-170\" value=\"1246373139\" \/><img decoding=\"async\" class=\"wpcf7-form-control wpcf7-captchac wpcf7-captcha-captcha-170\" width=\"72\" height=\"24\" alt=\"captcha\" src=\"https:\/\/brafip.org.br\/brafip\/wp-content\/uploads\/wpcf7_captcha\/1246373139.png\" \/><br \/>\n<span class=\"wpcf7-form-control-wrap\" data-name=\"captcha-170\"><input size=\"4\" maxlength=\"4\" class=\"wpcf7-form-control wpcf7-captchar\" autocomplete=\"off\" aria-invalid=\"false\" value=\"\" type=\"text\" name=\"captcha-170\" \/><\/span>\n<\/p>\n<p><input class=\"wpcf7-form-control wpcf7-submit has-spinner\" type=\"submit\" value=\"Enviar\" \/>\n<\/p><p style=\"display: none !important;\" class=\"akismet-fields-container\" data-prefix=\"_wpcf7_ak_\"><label>&#916;<textarea name=\"_wpcf7_ak_hp_textarea\" cols=\"45\" rows=\"8\" maxlength=\"100\"><\/textarea><\/label><input type=\"hidden\" id=\"ak_js_1\" name=\"_wpcf7_ak_js\" value=\"106\"\/><script>\ndocument.getElementById( \"ak_js_1\" ).setAttribute( \"value\", ( new Date() ).getTime() );\n<\/script>\n<\/p><div class=\"wpcf7-response-output\" aria-hidden=\"true\"><\/div>\n<\/form>\n<\/div>\n<\/div>\n\t\t\t\t\t\t<\/div>\n\t\t\t\t<\/div>\n\t\t\t\t\t<\/div>\n\t\t<\/div>\n\t\t\t\t<div class=\"elementor-column elementor-col-50 elementor-top-column elementor-element elementor-element-bbe06a4\" data-id=\"bbe06a4\" data-element_type=\"column\" data-e-type=\"column\">\n\t\t\t<div class=\"elementor-widget-wrap elementor-element-populated\">\n\t\t\t\t\t\t<div class=\"elementor-element elementor-element-4469170 elementor-widget elementor-widget-heading\" data-id=\"4469170\" data-element_type=\"widget\" data-e-type=\"widget\" data-widget_type=\"heading.default\">\n\t\t\t\t<div class=\"elementor-widget-container\">\n\t\t\t\t\t<h2 class=\"elementor-heading-title elementor-size-default\">Secretaria da BRAFIP:<\/h2>\t\t\t\t<\/div>\n\t\t\t\t<\/div>\n\t\t\t\t<div class=\"elementor-element elementor-element-e9822e0 elementor-widget elementor-widget-text-editor\" data-id=\"e9822e0\" data-element_type=\"widget\" data-e-type=\"widget\" data-widget_type=\"text-editor.default\">\n\t\t\t\t<div class=\"elementor-widget-container\">\n\t\t\t\t\t\t\t\t\t<p><strong>SOFTSUL<\/strong><br \/>Rua Padre Chagas, 79 Conj. 802, Bairro Moinhos de Vento \u2013 90570-080, Porto Alegre \/RS<br \/>Telefone +55 (51) 3346-4422<br \/>e-mail: <a href=\"mailto:brafip@brafip.org.br\">brafip@brafip.org.br<\/a><\/p>\t\t\t\t\t\t\t\t<\/div>\n\t\t\t\t<\/div>\n\t\t\t\t\t<\/div>\n\t\t<\/div>\n\t\t\t\t\t<\/div>\n\t\t<\/section>\n\t\t\t\t<\/div>\n\t\t","protected":false},"excerpt":{"rendered":"<p>FALE CONOSCO Secretaria da BRAFIP: SOFTSULRua Padre Chagas, 79 Conj. 802, Bairro Moinhos de Vento \u2013 90570-080, Porto Alegre \/RSTelefone +55 (51) 3346-4422e-mail: brafip@brafip.org.br<\/p>\n","protected":false},"author":1,"featured_media":0,"parent":0,"menu_order":0,"comment_status":"closed","ping_status":"closed","template":"","meta":{"_price":"","_stock":"","_tribe_ticket_header":"","_tribe_default_ticket_provider":"","_tribe_ticket_capacity":"0","_ticket_start_date":"","_ticket_end_date":"","_tribe_ticket_show_description":"","_tribe_ticket_show_not_going":false,"_tribe_ticket_use_global_stock":"","_tribe_ticket_global_stock_level":"","_global_stock_mode":"","_global_stock_cap":"","_tribe_rsvp_for_event":"","_tribe_ticket_going_count":"","_tribe_ticket_not_going_count":"","_tribe_tickets_list":"[]","_tribe_ticket_has_attendee_info_fields":false,"footnotes":"","_tec_slr_enabled":"","_tec_slr_layout":""},"class_list":["post-391","page","type-page","status-publish","hentry"],"ticketed":false,"_links":{"self":[{"href":"https:\/\/brafip.org.br\/brafip\/wp-json\/wp\/v2\/pages\/391","targetHints":{"allow":["GET"]}}],"collection":[{"href":"https:\/\/brafip.org.br\/brafip\/wp-json\/wp\/v2\/pages"}],"about":[{"href":"https:\/\/brafip.org.br\/brafip\/wp-json\/wp\/v2\/types\/page"}],"author":[{"embeddable":true,"href":"https:\/\/brafip.org.br\/brafip\/wp-json\/wp\/v2\/users\/1"}],"replies":[{"embeddable":true,"href":"https:\/\/brafip.org.br\/brafip\/wp-json\/wp\/v2\/comments?post=391"}],"version-history":[{"count":7,"href":"https:\/\/brafip.org.br\/brafip\/wp-json\/wp\/v2\/pages\/391\/revisions"}],"predecessor-version":[{"id":497,"href":"https:\/\/brafip.org.br\/brafip\/wp-json\/wp\/v2\/pages\/391\/revisions\/497"}],"wp:attachment":[{"href":"https:\/\/brafip.org.br\/brafip\/wp-json\/wp\/v2\/media?parent=391"}],"curies":[{"name":"wp","href":"https:\/\/api.w.org\/{rel}","templated":true}]}}