{"id":3846,"date":"2022-08-09T00:01:33","date_gmt":"2022-08-09T03:01:33","guid":{"rendered":"http:\/\/www.brafip.org.br\/brafip\/?page_id=3846"},"modified":"2022-08-09T00:01:34","modified_gmt":"2022-08-09T03:01:34","slug":"politica-de-privacidade","status":"publish","type":"page","link":"https:\/\/brafip.org.br\/brafip\/politica-de-privacidade\/","title":{"rendered":"Pol\u00edtica de Privacidade"},"content":{"rendered":"\n<p>A BraFIP est\u00e1 comprometida em resguardar sua privacidade. O intuito deste documento \u00e9 esclarecer quais informa\u00e7\u00f5es s\u00e3o coletadas dos usu\u00e1rios do nosso site e respectivos servi\u00e7os \u2013 e de que forma esses dados s\u00e3o manipulados e utilizados.<\/p>\n\n\n\n<p>Alertamos que se voc\u00ea n\u00e3o concorda com o conte\u00fado desta pol\u00edtica de privacidade, n\u00e3o \u00e9 recomend\u00e1vel acessar, compartilhar ou comentar qualquer conte\u00fado deste site.<\/p>\n\n\n\n<h4 class=\"wp-block-heading\">Coleta de dados:<\/h4>\n\n\n\n<p>Eventualmente poderemos solicitar informa\u00e7\u00f5es de identifica\u00e7\u00e3o pessoal \u2013 como nome, telefone e email via preenchimento de formul\u00e1rios.<\/p>\n\n\n\n<p>Quando voc\u00ea visita nosso site, \u00e9 inserido um \u2018cookie\u2019 no seu navegador por meio do software Google Analytics, para identificar quantas vezes voc\u00ea retorna ao nosso endere\u00e7o. S\u00e3o coletadas, anonimamente, informa\u00e7\u00f5es, como endere\u00e7o IP, localiza\u00e7\u00e3o geogr\u00e1fica, fonte de refer\u00eancia, tipo de navegador, dura\u00e7\u00e3o da visita e p\u00e1ginas visitadas.<\/p>\n\n\n\n<p>Voc\u00ea poder\u00e1 ser convidado a receber informa\u00e7\u00f5es sobre atualiza\u00e7\u00f5es do nosso site atrav\u00e9s de \u201cpush notifications\u201d. Para isso, ao acessar nosso site, ser\u00e1 exibida na tela do seu navegador um pedido de autoriza\u00e7\u00e3o, o qual voc\u00ea poder\u00e1 aceitar ou n\u00e3o. Em caso de aceite, esta informa\u00e7\u00e3o ficar\u00e1 gravada nas prefer\u00eancias do seus navegador web. Para cancelar seu cadastro, voc\u00ea dever\u00e1 desabilitar a op\u00e7\u00e3o de notifica\u00e7\u00f5es nas configura\u00e7\u00f5es do seu navegador web.<\/p>\n\n\n\n<p>Armazenamos informa\u00e7\u00f5es a respeito de todos os contatos j\u00e1 realizados com nosso site, como conte\u00fados baixados a partir de nossas p\u00e1ginas e intera\u00e7\u00f5es via e-mail ou coment\u00e1rios.<\/p>\n\n\n\n<h4 class=\"wp-block-heading\">Uso de informa\u00e7\u00f5es pessoais<\/h4>\n\n\n\n<p>Usaremos seu e-mail para a opera\u00e7\u00e3o de envio do material ou informa\u00e7\u00e3o por voc\u00ea requisitada no preenchimento de formul\u00e1rios. Tamb\u00e9m pode ser usado para envio de Newsletters, sempre relacionadas a algum tema abordado em nosso site, podendo o usu\u00e1rio cancelar a assinatura a qualquer momento.<\/p>\n\n\n\n<p>Suas informa\u00e7\u00f5es pessoais ser\u00e3o compartilhadas com nossos parceiros apenas quando a parceria estiver expl\u00edcita na p\u00e1gina onde consta o formul\u00e1rio para o recebimento de conte\u00fado espec\u00edfico.<\/p>\n\n\n\n<p>A  BrafFIP tamb\u00e9m se compromete a n\u00e3o vender, alugar ou repassar suas informa\u00e7\u00f5es para terceiros. A \u00fanica exce\u00e7\u00e3o est\u00e1 em casos em que essas informa\u00e7\u00f5es forem exigidas judicialmente.<\/p>\n\n\n\n<p>Al\u00e9m disso, embora trabalhemos com boas pr\u00e1ticas de prote\u00e7\u00e3o e seguran\u00e7a, nenhum servi\u00e7o web possui 100% de garantia contra invas\u00f5es e n\u00e3o podemos nos responsabilizar caso isso ocorra.<\/p>\n\n\n\n<h4 class=\"wp-block-heading\">Compartilhamento de conte\u00fado<\/h4>\n\n\n\n<p>Ao clicar nos bot\u00f5es de compartilhamento de conte\u00fado nas m\u00eddias sociais dispon\u00edveis em nossas p\u00e1ginas, o usu\u00e1rio estar\u00e1 publicando o conte\u00fado por meio de seu perfil na rede selecionada. A BraFIP n\u00e3o t\u00eam acesso ao login e senha dos usu\u00e1rios nessas redes, nem publicar\u00e1 conte\u00fado em nome do usu\u00e1rio sem que ele realize esta a\u00e7\u00e3o.<\/p>\n\n\n\n<h4 class=\"wp-block-heading\">Cancelamento de assinatura ou exclus\u00e3o de informa\u00e7\u00f5es<\/h4>\n\n\n\n<p>Voc\u00ea pode optar por n\u00e3o receber mais qualquer tipo de e-mail da BraFIP . Em todos os emails que enviamos h\u00e1 sempre um link para cancelar a assinatura dispon\u00edvel nas \u00faltimas linhas. Ao clicar nesse link voc\u00ea ser\u00e1 automaticamente descadastrado da lista.<\/p>\n\n\n\n<p>\u00c9 importante mencionar que, ao preencher qualquer formul\u00e1rio, novamente ficar\u00e1 caracterizada a reinser\u00e7\u00e3o do seu e-mail \u00e0 lista. Portanto, a requisi\u00e7\u00e3o de cancelamento deve ser feita novamente caso seja de seu interesse.<\/p>\n\n\n\n<p>Para alterar suas informa\u00e7\u00f5es pessoais ou mesmo exclu\u00ed-las do nosso banco de dados, basta enviar um e-mail para brafip@brafip.org.br.<\/p>\n\n\n\n<h4 class=\"wp-block-heading\">Mudan\u00e7as na pol\u00edtica de privacidade<\/h4>\n\n\n\n<p>Essa Pol\u00edtica de Privacidade pode passar por atualiza\u00e7\u00f5es. Desta forma, recomendamos visitar periodicamente esta p\u00e1gina para que voc\u00ea tenha conhecimento sobre as modifica\u00e7\u00f5es. Antes de usar informa\u00e7\u00f5es para outros fins que n\u00e3o os definidos nesta Pol\u00edtica de Privacidade, solicitaremos sua autoriza\u00e7\u00e3o.<\/p>\n","protected":false},"excerpt":{"rendered":"<p>A BraFIP est\u00e1 comprometida em resguardar sua privacidade. O intuito deste documento \u00e9 esclarecer quais informa\u00e7\u00f5es s\u00e3o coletadas dos usu\u00e1rios do nosso site e respectivos servi\u00e7os \u2013 e de que forma esses dados s\u00e3o manipulados e utilizados. Alertamos que se voc\u00ea n\u00e3o concorda com o conte\u00fado desta pol\u00edtica de privacidade,&hellip;<\/p>\n","protected":false},"author":2,"featured_media":0,"parent":0,"menu_order":0,"comment_status":"closed","ping_status":"closed","template":"","meta":{"_price":"","_stock":"","_tribe_ticket_header":"","_tribe_default_ticket_provider":"","_tribe_ticket_capacity":"0","_ticket_start_date":"","_ticket_end_date":"","_tribe_ticket_show_description":"","_tribe_ticket_show_not_going":false,"_tribe_ticket_use_global_stock":"","_tribe_ticket_global_stock_level":"","_global_stock_mode":"","_global_stock_cap":"","_tribe_rsvp_for_event":"","_tribe_ticket_going_count":"","_tribe_ticket_not_going_count":"","_tribe_tickets_list":"[]","_tribe_ticket_has_attendee_info_fields":false,"footnotes":"","_tec_slr_enabled":"","_tec_slr_layout":""},"class_list":["post-3846","page","type-page","status-publish","hentry"],"ticketed":false,"_links":{"self":[{"href":"https:\/\/brafip.org.br\/brafip\/wp-json\/wp\/v2\/pages\/3846","targetHints":{"allow":["GET"]}}],"collection":[{"href":"https:\/\/brafip.org.br\/brafip\/wp-json\/wp\/v2\/pages"}],"about":[{"href":"https:\/\/brafip.org.br\/brafip\/wp-json\/wp\/v2\/types\/page"}],"author":[{"embeddable":true,"href":"https:\/\/brafip.org.br\/brafip\/wp-json\/wp\/v2\/users\/2"}],"replies":[{"embeddable":true,"href":"https:\/\/brafip.org.br\/brafip\/wp-json\/wp\/v2\/comments?post=3846"}],"version-history":[{"count":1,"href":"https:\/\/brafip.org.br\/brafip\/wp-json\/wp\/v2\/pages\/3846\/revisions"}],"predecessor-version":[{"id":3847,"href":"https:\/\/brafip.org.br\/brafip\/wp-json\/wp\/v2\/pages\/3846\/revisions\/3847"}],"wp:attachment":[{"href":"https:\/\/brafip.org.br\/brafip\/wp-json\/wp\/v2\/media?parent=3846"}],"curies":[{"name":"wp","href":"https:\/\/api.w.org\/{rel}","templated":true}]}}