{"id":3821,"date":"2022-06-20T21:07:55","date_gmt":"2022-06-21T00:07:55","guid":{"rendered":"http:\/\/www.brafip.org.br\/brafip\/?page_id=3821"},"modified":"2024-07-26T23:29:14","modified_gmt":"2024-07-27T02:29:14","slug":"representantes-internacionais","status":"publish","type":"page","link":"https:\/\/brafip.org.br\/brafip\/representantes-internacionais\/","title":{"rendered":"Representantes Internacionais"},"content":{"rendered":"\t\t<div data-elementor-type=\"wp-page\" data-elementor-id=\"3821\" class=\"elementor elementor-3821\">\n\t\t\t\t<div class=\"elementor-element elementor-element-0603b63 e-flex e-con-boxed e-con e-parent\" data-id=\"0603b63\" data-element_type=\"container\" data-e-type=\"container\">\n\t\t\t\t\t<div class=\"e-con-inner\">\n\t\t\t\t<div class=\"elementor-element elementor-element-e88c4f8 e-n-tabs-mobile elementor-widget elementor-widget-n-tabs\" data-id=\"e88c4f8\" data-element_type=\"widget\" data-e-type=\"widget\" data-settings=\"{&quot;horizontal_scroll&quot;:&quot;disable&quot;}\" data-widget_type=\"nested-tabs.default\">\n\t\t\t\t<div class=\"elementor-widget-container\">\n\t\t\t\t\t\t\t<div class=\"e-n-tabs\" data-widget-number=\"243844344\" aria-label=\"Tabs. Open items with Enter or Space, close with Escape and navigate using the Arrow keys.\">\n\t\t\t<div class=\"e-n-tabs-heading\" role=\"tablist\">\n\t\t\t\t\t<button id=\"e-n-tab-title-2438443441\" data-tab-title-id=\"e-n-tab-title-2438443441\" class=\"e-n-tab-title\" aria-selected=\"true\" data-tab-index=\"1\" role=\"tab\" tabindex=\"0\" aria-controls=\"e-n-tab-content-2438443441\" style=\"--n-tabs-title-order: 1;\">\n\t\t\t\t\t\t<span class=\"e-n-tab-title-text\">\n\t\t\t\tAm\u00e9rica do Norte\t\t\t<\/span>\n\t\t<\/button>\n\t\t\t\t<button id=\"e-n-tab-title-2438443442\" data-tab-title-id=\"e-n-tab-title-2438443442\" class=\"e-n-tab-title\" aria-selected=\"false\" data-tab-index=\"2\" role=\"tab\" tabindex=\"-1\" aria-controls=\"e-n-tab-content-2438443442\" style=\"--n-tabs-title-order: 2;\">\n\t\t\t\t\t\t<span class=\"e-n-tab-title-text\">\n\t\t\t\t\u00c1sia\t\t\t<\/span>\n\t\t<\/button>\n\t\t\t\t<button id=\"e-n-tab-title-2438443443\" data-tab-title-id=\"e-n-tab-title-2438443443\" class=\"e-n-tab-title\" aria-selected=\"false\" data-tab-index=\"3\" role=\"tab\" tabindex=\"-1\" aria-controls=\"e-n-tab-content-2438443443\" style=\"--n-tabs-title-order: 3;\">\n\t\t\t\t\t\t<span class=\"e-n-tab-title-text\">\n\t\t\t\tAustr\u00e1lia\t\t\t<\/span>\n\t\t<\/button>\n\t\t\t\t<button id=\"e-n-tab-title-2438443444\" data-tab-title-id=\"e-n-tab-title-2438443444\" class=\"e-n-tab-title\" aria-selected=\"false\" data-tab-index=\"4\" role=\"tab\" tabindex=\"-1\" aria-controls=\"e-n-tab-content-2438443444\" style=\"--n-tabs-title-order: 4;\">\n\t\t\t\t\t\t<span class=\"e-n-tab-title-text\">\n\t\t\t\tEuropa\t\t\t<\/span>\n\t\t<\/button>\n\t\t\t\t\t<\/div>\n\t\t\t<div class=\"e-n-tabs-content\">\n\t\t\t\t<div id=\"e-n-tab-content-2438443441\" role=\"tabpanel\" aria-labelledby=\"e-n-tab-title-2438443441\" data-tab-index=\"1\" style=\"--n-tabs-title-order: 1;\" class=\"e-active elementor-element elementor-element-aa0f709 e-con-full e-flex e-con e-child\" data-id=\"aa0f709\" data-element_type=\"container\" data-e-type=\"container\">\n\t\t<div class=\"elementor-element elementor-element-aebdb69 e-flex e-con-boxed e-con e-child\" data-id=\"aebdb69\" data-element_type=\"container\" data-e-type=\"container\">\n\t\t\t\t\t<div class=\"e-con-inner\">\n\t\t\t\t<div class=\"elementor-element elementor-element-bd3d48b elementor-position-left elementor-vertical-align-middle elementor-widget elementor-widget-image-box\" data-id=\"bd3d48b\" data-element_type=\"widget\" data-e-type=\"widget\" data-widget_type=\"image-box.default\">\n\t\t\t\t<div class=\"elementor-widget-container\">\n\t\t\t\t\t<div class=\"elementor-image-box-wrapper\"><figure class=\"elementor-image-box-img\"><a href=\"https:\/\/www.linkedin.com\/in\/cariello\/\" tabindex=\"-1\"><img fetchpriority=\"high\" decoding=\"async\" width=\"1453\" height=\"1453\" src=\"https:\/\/brafip.org.br\/brafip\/wp-content\/uploads\/2024\/07\/Fernando-Cariello-1.png\" class=\"attachment-full size-full wp-image-4776\" alt=\"\" srcset=\"https:\/\/brafip.org.br\/brafip\/wp-content\/uploads\/2024\/07\/Fernando-Cariello-1.png 1453w, https:\/\/brafip.org.br\/brafip\/wp-content\/uploads\/2024\/07\/Fernando-Cariello-1-300x300.png 300w, https:\/\/brafip.org.br\/brafip\/wp-content\/uploads\/2024\/07\/Fernando-Cariello-1-1024x1024.png 1024w, https:\/\/brafip.org.br\/brafip\/wp-content\/uploads\/2024\/07\/Fernando-Cariello-1-150x150.png 150w, https:\/\/brafip.org.br\/brafip\/wp-content\/uploads\/2024\/07\/Fernando-Cariello-1-768x768.png 768w, https:\/\/brafip.org.br\/brafip\/wp-content\/uploads\/2024\/07\/Fernando-Cariello-1-70x70.png 70w\" sizes=\"(max-width: 1453px) 100vw, 1453px\" \/><\/a><\/figure><div class=\"elementor-image-box-content\"><h3 class=\"elementor-image-box-title\"><a href=\"https:\/\/www.linkedin.com\/in\/cariello\/\">Fernando Cariello<\/a><\/h3><p class=\"elementor-image-box-description\">Email: Fernando@caribros.com <\/p><\/div><\/div>\t\t\t\t<\/div>\n\t\t\t\t<\/div>\n\t\t\t\t\t<\/div>\n\t\t\t\t<\/div>\n\t\t\t\t<\/div>\n\t\t<div id=\"e-n-tab-content-2438443442\" role=\"tabpanel\" aria-labelledby=\"e-n-tab-title-2438443442\" data-tab-index=\"2\" style=\"--n-tabs-title-order: 2;\" class=\" elementor-element elementor-element-40b485c e-con-full e-flex e-con e-child\" data-id=\"40b485c\" data-element_type=\"container\" data-e-type=\"container\">\n\t\t<div class=\"elementor-element elementor-element-8046cb5 e-flex e-con-boxed e-con e-child\" data-id=\"8046cb5\" data-element_type=\"container\" data-e-type=\"container\">\n\t\t\t\t\t<div class=\"e-con-inner\">\n\t\t\t\t<div class=\"elementor-element elementor-element-4ad11f9 elementor-position-left elementor-vertical-align-middle elementor-widget elementor-widget-image-box\" data-id=\"4ad11f9\" data-element_type=\"widget\" data-e-type=\"widget\" data-widget_type=\"image-box.default\">\n\t\t\t\t<div class=\"elementor-widget-container\">\n\t\t\t\t\t<div class=\"elementor-image-box-wrapper\"><figure class=\"elementor-image-box-img\"><a href=\"https:\/\/www.linkedin.com\/in\/heliociffoni\/\" tabindex=\"-1\"><img decoding=\"async\" width=\"1412\" height=\"1412\" src=\"https:\/\/brafip.org.br\/brafip\/wp-content\/uploads\/2024\/07\/Helio-Ciffoni-1.png\" class=\"attachment-full size-full wp-image-4777\" alt=\"\" srcset=\"https:\/\/brafip.org.br\/brafip\/wp-content\/uploads\/2024\/07\/Helio-Ciffoni-1.png 1412w, https:\/\/brafip.org.br\/brafip\/wp-content\/uploads\/2024\/07\/Helio-Ciffoni-1-300x300.png 300w, https:\/\/brafip.org.br\/brafip\/wp-content\/uploads\/2024\/07\/Helio-Ciffoni-1-1024x1024.png 1024w, https:\/\/brafip.org.br\/brafip\/wp-content\/uploads\/2024\/07\/Helio-Ciffoni-1-150x150.png 150w, https:\/\/brafip.org.br\/brafip\/wp-content\/uploads\/2024\/07\/Helio-Ciffoni-1-768x768.png 768w, https:\/\/brafip.org.br\/brafip\/wp-content\/uploads\/2024\/07\/Helio-Ciffoni-1-70x70.png 70w\" sizes=\"(max-width: 1412px) 100vw, 1412px\" \/><\/a><\/figure><div class=\"elementor-image-box-content\"><h3 class=\"elementor-image-box-title\"><a href=\"https:\/\/www.linkedin.com\/in\/heliociffoni\/\">Helio Ciffoni<\/a><\/h3><p class=\"elementor-image-box-description\">Email: ciffoni@sapiensglobal.com <\/p><\/div><\/div>\t\t\t\t<\/div>\n\t\t\t\t<\/div>\n\t\t\t\t\t<\/div>\n\t\t\t\t<\/div>\n\t\t\t\t<\/div>\n\t\t<div id=\"e-n-tab-content-2438443443\" role=\"tabpanel\" aria-labelledby=\"e-n-tab-title-2438443443\" data-tab-index=\"3\" style=\"--n-tabs-title-order: 3;\" class=\" elementor-element elementor-element-d089b61 e-flex e-con-boxed e-con e-child\" data-id=\"d089b61\" data-element_type=\"container\" data-e-type=\"container\">\n\t\t\t\t\t<div class=\"e-con-inner\">\n\t\t<div class=\"elementor-element elementor-element-18d0f19 e-flex e-con-boxed e-con e-child\" data-id=\"18d0f19\" data-element_type=\"container\" data-e-type=\"container\">\n\t\t\t\t\t<div class=\"e-con-inner\">\n\t\t\t\t<div class=\"elementor-element elementor-element-27817ff elementor-position-left elementor-vertical-align-middle elementor-widget elementor-widget-image-box\" data-id=\"27817ff\" data-element_type=\"widget\" data-e-type=\"widget\" data-widget_type=\"image-box.default\">\n\t\t\t\t<div class=\"elementor-widget-container\">\n\t\t\t\t\t<div class=\"elementor-image-box-wrapper\"><figure class=\"elementor-image-box-img\"><a href=\"https:\/\/www.linkedin.com\/in\/fabio-pagani\/\" tabindex=\"-1\"><img decoding=\"async\" width=\"800\" height=\"800\" src=\"https:\/\/brafip.org.br\/brafip\/wp-content\/uploads\/2024\/07\/Fabio-Pagani.jpeg\" class=\"attachment-full size-full wp-image-4770\" alt=\"\" srcset=\"https:\/\/brafip.org.br\/brafip\/wp-content\/uploads\/2024\/07\/Fabio-Pagani.jpeg 800w, https:\/\/brafip.org.br\/brafip\/wp-content\/uploads\/2024\/07\/Fabio-Pagani-300x300.jpeg 300w, https:\/\/brafip.org.br\/brafip\/wp-content\/uploads\/2024\/07\/Fabio-Pagani-150x150.jpeg 150w, https:\/\/brafip.org.br\/brafip\/wp-content\/uploads\/2024\/07\/Fabio-Pagani-768x768.jpeg 768w, https:\/\/brafip.org.br\/brafip\/wp-content\/uploads\/2024\/07\/Fabio-Pagani-70x70.jpeg 70w\" sizes=\"(max-width: 800px) 100vw, 800px\" \/><\/a><\/figure><div class=\"elementor-image-box-content\"><h3 class=\"elementor-image-box-title\"><a href=\"https:\/\/www.linkedin.com\/in\/fabio-pagani\/\">Fabio Pagani<\/a><\/h3><p class=\"elementor-image-box-description\">Email: fabio@fabiopagani.com.br\n<\/p><\/div><\/div>\t\t\t\t<\/div>\n\t\t\t\t<\/div>\n\t\t\t\t\t<\/div>\n\t\t\t\t<\/div>\n\t\t\t\t\t<\/div>\n\t\t\t\t<\/div>\n\t\t<div id=\"e-n-tab-content-2438443444\" role=\"tabpanel\" aria-labelledby=\"e-n-tab-title-2438443444\" data-tab-index=\"4\" style=\"--n-tabs-title-order: 4;\" class=\" elementor-element elementor-element-0ced7f4 e-con-full e-flex e-con e-child\" data-id=\"0ced7f4\" data-element_type=\"container\" data-e-type=\"container\">\n\t\t<div class=\"elementor-element elementor-element-2641c1f e-flex e-con-boxed e-con e-child\" data-id=\"2641c1f\" data-element_type=\"container\" data-e-type=\"container\">\n\t\t\t\t\t<div class=\"e-con-inner\">\n\t\t\t\t<div class=\"elementor-element elementor-element-aedd126 elementor-position-left elementor-vertical-align-middle elementor-widget elementor-widget-image-box\" data-id=\"aedd126\" data-element_type=\"widget\" data-e-type=\"widget\" data-widget_type=\"image-box.default\">\n\t\t\t\t<div class=\"elementor-widget-container\">\n\t\t\t\t\t<div class=\"elementor-image-box-wrapper\"><figure class=\"elementor-image-box-img\"><a href=\"http:\/\/www.linkedin.com\/in\/reynaldo-costa-de-oliveira-5953291\" tabindex=\"-1\"><img loading=\"lazy\" decoding=\"async\" width=\"400\" height=\"400\" src=\"https:\/\/brafip.org.br\/brafip\/wp-content\/uploads\/2024\/07\/Reynaldo-Costa-LKD.jpeg\" class=\"attachment-full size-full wp-image-4778\" alt=\"\" srcset=\"https:\/\/brafip.org.br\/brafip\/wp-content\/uploads\/2024\/07\/Reynaldo-Costa-LKD.jpeg 400w, https:\/\/brafip.org.br\/brafip\/wp-content\/uploads\/2024\/07\/Reynaldo-Costa-LKD-300x300.jpeg 300w, https:\/\/brafip.org.br\/brafip\/wp-content\/uploads\/2024\/07\/Reynaldo-Costa-LKD-150x150.jpeg 150w, https:\/\/brafip.org.br\/brafip\/wp-content\/uploads\/2024\/07\/Reynaldo-Costa-LKD-70x70.jpeg 70w\" sizes=\"(max-width: 400px) 100vw, 400px\" \/><\/a><\/figure><div class=\"elementor-image-box-content\"><h3 class=\"elementor-image-box-title\"><a href=\"http:\/\/www.linkedin.com\/in\/reynaldo-costa-de-oliveira-5953291\">Reynaldo Costa de Oliveira<\/a><\/h3><p class=\"elementor-image-box-description\">Email: rcosta561025@brafip.org.br<\/p><\/div><\/div>\t\t\t\t<\/div>\n\t\t\t\t<\/div>\n\t\t\t\t\t<\/div>\n\t\t\t\t<\/div>\n\t\t\t\t<\/div>\n\t\t\t\t\t<\/div>\n\t\t<\/div>\n\t\t\t\t\t\t<\/div>\n\t\t\t\t<\/div>\n\t\t\t\t\t<\/div>\n\t\t\t\t<\/div>\n\t\t\t\t<\/div>\n\t\t","protected":false},"excerpt":{"rendered":"<p>Am\u00e9rica do Norte \u00c1sia Austr\u00e1lia Europa Fernando Cariello Email: Fernando@caribros.com Helio Ciffoni Email: ciffoni@sapiensglobal.com Fabio Pagani Email: fabio@fabiopagani.com.br Reynaldo Costa de Oliveira Email: rcosta561025@brafip.org.br Fernando Cariello Email: Fernando@caribros.com Helio Ciffoni Email: ciffoni@sapiensglobal.com Fabio Pagani Email: fabio@fabiopagani.com.br Reynaldo Costa de Oliveira Email: rcosta561025@brafip.org.br<\/p>\n","protected":false},"author":2,"featured_media":0,"parent":0,"menu_order":0,"comment_status":"closed","ping_status":"closed","template":"","meta":{"_price":"","_stock":"","_tribe_ticket_header":"","_tribe_default_ticket_provider":"","_tribe_ticket_capacity":"0","_ticket_start_date":"","_ticket_end_date":"","_tribe_ticket_show_description":"","_tribe_ticket_show_not_going":false,"_tribe_ticket_use_global_stock":"","_tribe_ticket_global_stock_level":"","_global_stock_mode":"","_global_stock_cap":"","_tribe_rsvp_for_event":"","_tribe_ticket_going_count":"","_tribe_ticket_not_going_count":"","_tribe_tickets_list":"[]","_tribe_ticket_has_attendee_info_fields":false,"footnotes":"","_tec_slr_enabled":"","_tec_slr_layout":""},"class_list":["post-3821","page","type-page","status-publish","hentry"],"ticketed":false,"_links":{"self":[{"href":"https:\/\/brafip.org.br\/brafip\/wp-json\/wp\/v2\/pages\/3821","targetHints":{"allow":["GET"]}}],"collection":[{"href":"https:\/\/brafip.org.br\/brafip\/wp-json\/wp\/v2\/pages"}],"about":[{"href":"https:\/\/brafip.org.br\/brafip\/wp-json\/wp\/v2\/types\/page"}],"author":[{"embeddable":true,"href":"https:\/\/brafip.org.br\/brafip\/wp-json\/wp\/v2\/users\/2"}],"replies":[{"embeddable":true,"href":"https:\/\/brafip.org.br\/brafip\/wp-json\/wp\/v2\/comments?post=3821"}],"version-history":[{"count":25,"href":"https:\/\/brafip.org.br\/brafip\/wp-json\/wp\/v2\/pages\/3821\/revisions"}],"predecessor-version":[{"id":4781,"href":"https:\/\/brafip.org.br\/brafip\/wp-json\/wp\/v2\/pages\/3821\/revisions\/4781"}],"wp:attachment":[{"href":"https:\/\/brafip.org.br\/brafip\/wp-json\/wp\/v2\/media?parent=3821"}],"curies":[{"name":"wp","href":"https:\/\/api.w.org\/{rel}","templated":true}]}}