{"id":3420,"date":"2020-11-26T23:08:48","date_gmt":"2020-11-27T02:08:48","guid":{"rendered":"http:\/\/www.brafip.org.br\/brafip\/?page_id=3420"},"modified":"2025-04-20T21:56:37","modified_gmt":"2025-04-21T00:56:37","slug":"bsria","status":"publish","type":"page","link":"https:\/\/brafip.org.br\/brafip\/bsria\/","title":{"rendered":"BSRIA"},"content":{"rendered":"\n<p>Em fins de 2018, o Conselho Diretor da BraFIP incluiu no Plano de A\u00e7\u00e3o 2019-2020 a elabora\u00e7\u00e3o de uma Agenda Estrat\u00e9gica, a n\u00edvel nacional, com foco na melhoria do ambiente para o avan\u00e7o da pesquisa, desenvolvimento e inova\u00e7\u00e3o em colabora\u00e7\u00e3o.<\/p>\n\n\n\n<p>De acordo com o Global Innovation Index 2020 (veja <strong>[INSEAD 2020 GII])<\/strong>, elaborado pela escola de neg\u00f3cios da Cornell University em colabora\u00e7\u00e3o com o INSEAD, na Fran\u00e7a, e o apoio da WIPO, \u00f3rg\u00e3o das Na\u00e7\u00f5es Unidas, o Brasil ocupa apenas a 62a posi\u00e7\u00e3o no ranking, entre mais de 130 pa\u00edses analisados. Entretanto, a posi\u00e7\u00e3o do Brasil varia entre a posi\u00e7\u00e3o 32 (correspondente ao emprego baseado no conhecimento) e a posi\u00e7\u00e3o 108 (no quesito infra-estrutura), evidenciando o desenvolvimento extremamente desigual do pa\u00eds.<\/p>\n\n\n\n<p>Esta iniciativa \u00e9 in\u00e9dita, tanto quanto ao seu conte\u00fado, quanto \u00e0 forma como ela foi conduzida: ao longo dos anos de 2019 e 2020, a BraFIP desenvolveu um processo baseado na colabora\u00e7\u00e3o da coletividade especializada, chamada de \u201ccrowdsourcing\u201d, com base nas ideias iniciais desenvolvidas pelo Steering Committee respons\u00e1vel pela condu\u00e7\u00e3o dos trabalhos.<\/p>\n\n\n\n<p>Esse Comit\u00ea, assim como a BraFIP, conta com a participa\u00e7\u00e3o de representantes do Setor Empresarial, da Academia e de \u00f3rg\u00e3os de Governo, seguindo o conceito da Tripla H\u00e9lice. Com a inclus\u00e3o do \u201ccrowdsourcing\u201d, inovamos tamb\u00e9m no uso do conceito da Qu\u00e1drupla H\u00e9lice, que amplia o conceito triplo pela inclus\u00e3o de representantes da sociedade civil organizada.<\/p>\n\n\n\n<p>Esse processo se deu tanto em eventos presenciais, como em atividades online, descritos de forma detalhada na se\u00e7\u00e3o \u201cEstrat\u00e9gia de Trabalho Adotada\u201d, a partir da p\u00e1gina 23. \u00c9 importante destacar que a emerg\u00eancia sanit\u00e1ria provocada pela pandemia de coronavirus n\u00e3o apenas n\u00e3o interrompeu os trabalhos, como ainda permitiu agregar sugest\u00f5es que tornem o processo mais resiliente diante deste tipo de crises.<\/p>\n\n\n\n<p>Pela primeira vez, est\u00e1 sendo proposta uma estrat\u00e9gia de inova\u00e7\u00e3o que inclui o engajamento e impulso a contribui\u00e7\u00e3o de todos os cidad\u00e3os brasileiros, e n\u00e3o apenas dos \u2018especialistas\u2019, fomentando assim o sentimento nacional pelo atingimento das metas propostas.<\/p>\n\n\n\n<p>Ainda, inovamos ao propor um modelo que dever\u00e1 ser tratado como patrim\u00f4nio nacional ou pol\u00edtica de estado: as contribui\u00e7\u00f5es ao progresso do pa\u00eds que s\u00e3o propostas precisam sobreviver \u00e0s mudan\u00e7as de governo, regidas pelo jogo pol\u00edtico, e que s\u00e3o naturais em qualquer democracia.<\/p>\n\n\n\n<p>Entendemos que o \u2018mix\u2019 de pol\u00edticas p\u00fablicas de fomento deve ir al\u00e9m das tradicionais pol\u00edticas de incentivos fiscais, tribut\u00e1rios e econ\u00f4micos, cientes de que o comportamento e o desempenho dos ecossistemas de inova\u00e7\u00e3o dependem de diversos aspectos mais amplos, como, por exemplo, a valoriza\u00e7\u00e3o da interdepend\u00eancia do desenvolvimento regional.<\/p>\n\n\n\n<p>or saber que se trata de uma iniciativa ousada e pretensiosa, amadurecemos as ideias para a gest\u00e3o da constru\u00e7\u00e3o desta Agenda Estrat\u00e9gica ao longo de muitos anos, antes de partir para sua execu\u00e7\u00e3o. Esperamos que ela de fato se constitua numa contribui\u00e7\u00e3o significativa para o fortalecimento da pesquisa, desenvolvimento e inova\u00e7\u00e3o em colabora\u00e7\u00e3o no nosso pa\u00eds.<\/p>\n\n\n\n<p class=\"has-text-align-center\">03 de dezembro de 2020 <\/p>\n\n\n\n<p class=\"has-text-align-center\">Documento tornado p\u00fablico durante o <\/p>\n\n\n\n<p class=\"has-text-align-center\">International Cooperation Day 2020 <\/p>\n\n\n\n<p class=\"has-text-align-center\">realizado em Campina Grande (PB)<\/p>\n\n\n\n<p><strong>Para acessar o documento na \u00edntegra, cadastre-se abaixo.<\/strong><\/p>\n\n\n<div class=\"wpforms-container wpforms-container-full wpforms-block wpforms-block-2cac41b8-8528-4271-b531-f80d39f734f4 wpforms-render-modern\" id=\"wpforms-4972\"><form id=\"wpforms-form-4972\" class=\"wpforms-validate wpforms-form wpforms-ajax-form\" data-formid=\"4972\" method=\"post\" enctype=\"multipart\/form-data\" action=\"\/brafip\/wp-json\/wp\/v2\/pages\/3420\" data-token=\"728cd72605e002a2248f1e3bb4d4986a\" data-token-time=\"1778887622\"><noscript class=\"wpforms-error-noscript\">Please enable JavaScript in your browser to complete this form.<\/noscript><div id=\"wpforms-error-noscript\" style=\"display: none;\">Please enable JavaScript in your browser to complete this form.<\/div><div class=\"wpforms-field-container\"><div id=\"wpforms-4972-field_1-container\" class=\"wpforms-field wpforms-field-name\" data-field-id=\"1\"><fieldset><legend class=\"wpforms-field-label\">Nome <span class=\"wpforms-required-label\" aria-hidden=\"true\">*<\/span><\/legend><div class=\"wpforms-field-row wpforms-field-large\"><div class=\"wpforms-field-row-block wpforms-first wpforms-one-half\"><input type=\"text\" id=\"wpforms-4972-field_1\" class=\"wpforms-field-name-first wpforms-field-required\" name=\"wpforms[fields][1][first]\" value=\"Nome(s)\" aria-errormessage=\"wpforms-4972-field_1-error\" required><label for=\"wpforms-4972-field_1\" class=\"wpforms-field-sublabel after wpforms-sublabel-hide\">First<\/label><\/div><div class=\"wpforms-field-row-block wpforms-one-half\"><input type=\"text\" id=\"wpforms-4972-field_1-last\" class=\"wpforms-field-name-last wpforms-field-required\" name=\"wpforms[fields][1][last]\" value=\"Sobrenome(s)\" aria-errormessage=\"wpforms-4972-field_1-last-error\" required><label for=\"wpforms-4972-field_1-last\" class=\"wpforms-field-sublabel after wpforms-sublabel-hide\">Last<\/label><\/div><\/div><\/fieldset><\/div><div id=\"wpforms-4972-field_2-container\" class=\"wpforms-field wpforms-field-email\" data-field-id=\"2\"><label class=\"wpforms-field-label\" for=\"wpforms-4972-field_2\">Email <span class=\"wpforms-required-label\" aria-hidden=\"true\">*<\/span><\/label><input type=\"email\" id=\"wpforms-4972-field_2\" class=\"wpforms-field-medium wpforms-field-required\" name=\"wpforms[fields][2]\" spellcheck=\"false\" aria-errormessage=\"wpforms-4972-field_2-error\" required><\/div>\t\t<div id=\"wpforms-4972-field_5-container\"\n\t\t\tclass=\"wpforms-field wpforms-field-text\"\n\t\t\tdata-field-type=\"text\"\n\t\t\tdata-field-id=\"5\"\n\t\t\t>\n\t\t\t<label class=\"wpforms-field-label\" for=\"wpforms-4972-field_5\" >um sobre seu<\/label>\n\t\t\t<input type=\"text\" id=\"wpforms-4972-field_5\" class=\"wpforms-field-medium\" name=\"wpforms[fields][5]\" >\n\t\t<\/div>\n\t\t<div id=\"wpforms-4972-field_4-container\" class=\"wpforms-field wpforms-field-number\" data-field-id=\"4\"><label class=\"wpforms-field-label\" for=\"wpforms-4972-field_4\">Celular <span class=\"wpforms-required-label\" aria-hidden=\"true\">*<\/span><\/label><input type=\"number\" id=\"wpforms-4972-field_4\" class=\"wpforms-field-medium wpforms-field-required\" name=\"wpforms[fields][4]\" step=\"any\" aria-errormessage=\"wpforms-4972-field_4-error\" required><\/div><div id=\"wpforms-4972-field_3-container\" class=\"wpforms-field wpforms-field-textarea\" data-field-id=\"3\"><label class=\"wpforms-field-label\" for=\"wpforms-4972-field_3\">Conte-nos um pouco sobre seu interesse na BSRIA<\/label><textarea id=\"wpforms-4972-field_3\" class=\"wpforms-field-medium\" name=\"wpforms[fields][3]\" aria-errormessage=\"wpforms-4972-field_3-error\" ><\/textarea><\/div><script>\n\t\t\t\t( function() {\n\t\t\t\t\tconst style = document.createElement( 'style' );\n\t\t\t\t\tstyle.appendChild( document.createTextNode( '#wpforms-4972-field_5-container { position: absolute !important; overflow: hidden !important; display: inline !important; height: 1px !important; width: 1px !important; z-index: -1000 !important; padding: 0 !important; } #wpforms-4972-field_5-container input { visibility: hidden; } #wpforms-conversational-form-page #wpforms-4972-field_5-container label { counter-increment: none; }' ) );\n\t\t\t\t\tdocument.head.appendChild( style );\n\t\t\t\t\tdocument.currentScript?.remove();\n\t\t\t\t} )();\n\t\t\t<\/script><\/div><!-- .wpforms-field-container --><div class=\"wpforms-submit-container\" ><input type=\"hidden\" name=\"wpforms[id]\" value=\"4972\"><input type=\"hidden\" name=\"page_title\" value=\"\"><input type=\"hidden\" name=\"page_url\" value=\"https:\/\/brafip.org.br\/brafip\/wp-json\/wp\/v2\/pages\/3420\"><input type=\"hidden\" name=\"url_referer\" value=\"\"><button type=\"submit\" name=\"wpforms[submit]\" id=\"wpforms-submit-4972\" class=\"wpforms-submit\" data-alt-text=\"Sending...\" data-submit-text=\"Submit\" aria-live=\"assertive\" value=\"wpforms-submit\">Submit<\/button><img decoding=\"async\" src=\"https:\/\/brafip.org.br\/brafip\/wp-content\/plugins\/wpforms-lite\/assets\/images\/submit-spin.svg\" class=\"wpforms-submit-spinner\" style=\"display: none;\" width=\"26\" height=\"26\" alt=\"Loading\"><\/div><\/form><\/div>  <!-- .wpforms-container -->","protected":false},"excerpt":{"rendered":"<p>Em fins de 2018, o Conselho Diretor da BraFIP incluiu no Plano de A\u00e7\u00e3o 2019-2020 a elabora\u00e7\u00e3o de uma Agenda Estrat\u00e9gica, a n\u00edvel nacional, com foco na melhoria do ambiente para o avan\u00e7o da pesquisa, desenvolvimento e inova\u00e7\u00e3o em colabora\u00e7\u00e3o. De acordo com o Global Innovation Index 2020 (veja [INSEAD&hellip;<\/p>\n","protected":false},"author":2,"featured_media":0,"parent":0,"menu_order":0,"comment_status":"closed","ping_status":"closed","template":"","meta":{"_price":"","_stock":"","_tribe_ticket_header":"","_tribe_default_ticket_provider":"","_tribe_ticket_capacity":"0","_ticket_start_date":"","_ticket_end_date":"","_tribe_ticket_show_description":"","_tribe_ticket_show_not_going":false,"_tribe_ticket_use_global_stock":"","_tribe_ticket_global_stock_level":"","_global_stock_mode":"","_global_stock_cap":"","_tribe_rsvp_for_event":"","_tribe_ticket_going_count":"","_tribe_ticket_not_going_count":"","_tribe_tickets_list":"[]","_tribe_ticket_has_attendee_info_fields":false,"footnotes":"","_tec_slr_enabled":"","_tec_slr_layout":""},"class_list":["post-3420","page","type-page","status-publish","hentry"],"ticketed":false,"_links":{"self":[{"href":"https:\/\/brafip.org.br\/brafip\/wp-json\/wp\/v2\/pages\/3420","targetHints":{"allow":["GET"]}}],"collection":[{"href":"https:\/\/brafip.org.br\/brafip\/wp-json\/wp\/v2\/pages"}],"about":[{"href":"https:\/\/brafip.org.br\/brafip\/wp-json\/wp\/v2\/types\/page"}],"author":[{"embeddable":true,"href":"https:\/\/brafip.org.br\/brafip\/wp-json\/wp\/v2\/users\/2"}],"replies":[{"embeddable":true,"href":"https:\/\/brafip.org.br\/brafip\/wp-json\/wp\/v2\/comments?post=3420"}],"version-history":[{"count":3,"href":"https:\/\/brafip.org.br\/brafip\/wp-json\/wp\/v2\/pages\/3420\/revisions"}],"predecessor-version":[{"id":4975,"href":"https:\/\/brafip.org.br\/brafip\/wp-json\/wp\/v2\/pages\/3420\/revisions\/4975"}],"wp:attachment":[{"href":"https:\/\/brafip.org.br\/brafip\/wp-json\/wp\/v2\/media?parent=3420"}],"curies":[{"name":"wp","href":"https:\/\/api.w.org\/{rel}","templated":true}]}}