{"id":168,"date":"2018-08-09T14:36:15","date_gmt":"2018-08-09T17:36:15","guid":{"rendered":"http:\/\/www.brafip.org.br\/brafip\/\/?page_id=168"},"modified":"2026-04-11T18:05:39","modified_gmt":"2026-04-11T21:05:39","slug":"chamada-brafip-de-ideias","status":"publish","type":"page","link":"https:\/\/brafip.org.br\/brafip\/chamada-brafip-de-ideias\/","title":{"rendered":"Chamada BraFip de Ideias"},"content":{"rendered":"\t\t<div data-elementor-type=\"wp-post\" data-elementor-id=\"168\" class=\"elementor elementor-168\">\n\t\t\t\t<div class=\"elementor-element elementor-element-4216eeb e-con-full e-flex e-con e-parent\" data-id=\"4216eeb\" data-element_type=\"container\" data-e-type=\"container\">\n\t\t<div class=\"elementor-element elementor-element-3262921 e-con-full e-flex e-con e-child\" data-id=\"3262921\" data-element_type=\"container\" data-e-type=\"container\">\n\t\t\t\t<div class=\"elementor-element elementor-element-2143ce4 elementor-widget elementor-widget-image\" data-id=\"2143ce4\" data-element_type=\"widget\" data-e-type=\"widget\" data-widget_type=\"image.default\">\n\t\t\t\t<div class=\"elementor-widget-container\">\n\t\t\t\t\t\t\t\t\t\t\t\t\t\t\t<img fetchpriority=\"high\" decoding=\"async\" width=\"300\" height=\"189\" src=\"https:\/\/brafip.org.br\/brafip\/wp-content\/uploads\/2026\/04\/Captura-de-Tela-2026-04-10-as-22.53.19-300x189.png\" class=\"attachment-medium size-medium wp-image-5213\" alt=\"\" srcset=\"https:\/\/brafip.org.br\/brafip\/wp-content\/uploads\/2026\/04\/Captura-de-Tela-2026-04-10-as-22.53.19-300x189.png 300w, https:\/\/brafip.org.br\/brafip\/wp-content\/uploads\/2026\/04\/Captura-de-Tela-2026-04-10-as-22.53.19-1024x644.png 1024w, https:\/\/brafip.org.br\/brafip\/wp-content\/uploads\/2026\/04\/Captura-de-Tela-2026-04-10-as-22.53.19-768x483.png 768w, https:\/\/brafip.org.br\/brafip\/wp-content\/uploads\/2026\/04\/Captura-de-Tela-2026-04-10-as-22.53.19.png 1208w\" sizes=\"(max-width: 300px) 100vw, 300px\" \/>\t\t\t\t\t\t\t\t\t\t\t\t\t\t\t<\/div>\n\t\t\t\t<\/div>\n\t\t\t\t<div class=\"elementor-element elementor-element-2b31eaa elementor-widget elementor-widget-text-editor\" data-id=\"2b31eaa\" data-element_type=\"widget\" data-e-type=\"widget\" data-widget_type=\"text-editor.default\">\n\t\t\t\t<div class=\"elementor-widget-container\">\n\t\t\t\t\t\t\t\t\t<p>Chamadas BRAFIP de Ideias s\u00e3o convites p\u00fablicos, anuais, via surveymonkey, para submiss\u00e3o de ideias e projetos para PD&amp;I colaborativa. As chamadas s\u00e3o realizadas internacionalmente, em portugu\u00eas, ingl\u00eas e espanhol com o apoio de parceiros nacionais e internacionais da BRAFIP.<br \/>Um comit\u00ea ad hoc seleciona as 15 melhores ideias para apresenta\u00e7\u00e3o de um pitch no evento anual BraFip InCoDay \u2013 International Cooperation Day. No ano subsequente, a BraFip elabora um Plano de Trabalho Executivo para viabilizar as 05 melhores ideias, assinado conjuntamente com as empresas interessadas.<\/p>\t\t\t\t\t\t\t\t<\/div>\n\t\t\t\t<\/div>\n\t\t\t\t<\/div>\n\t\t\t\t<\/div>\n\t\t<div class=\"elementor-element elementor-element-8f7d396 e-con-full e-flex e-con e-parent\" data-id=\"8f7d396\" data-element_type=\"container\" data-e-type=\"container\">\n\t\t\t\t<div class=\"elementor-element elementor-element-d55c336 elementor-widget-divider--view-line elementor-widget elementor-widget-divider\" data-id=\"d55c336\" data-element_type=\"widget\" data-e-type=\"widget\" data-widget_type=\"divider.default\">\n\t\t\t\t<div class=\"elementor-widget-container\">\n\t\t\t\t\t\t\t<div class=\"elementor-divider\">\n\t\t\t<span class=\"elementor-divider-separator\">\n\t\t\t\t\t\t<\/span>\n\t\t<\/div>\n\t\t\t\t\t\t<\/div>\n\t\t\t\t<\/div>\n\t\t\t\t<div class=\"elementor-element elementor-element-b2f9450 elementor-widget elementor-widget-heading\" data-id=\"b2f9450\" data-element_type=\"widget\" data-e-type=\"widget\" data-widget_type=\"heading.default\">\n\t\t\t\t<div class=\"elementor-widget-container\">\n\t\t\t\t\t<h2 class=\"elementor-heading-title elementor-size-default\">O conte\u00fado de sua resposta \u00e9 seu primeiro \"pitch\" rumo ao InCoDay, ent\u00e3o dedique um bom tempo de preparo do conte\u00fado, para que os jurados da primeira fase de avalia\u00e7\u00e3o da Chamada de Id\u00e9ias, tenham boas refer\u00eancias para avaliar a sua id\u00e9ia.<br><br><b>Para participar, siga este roteiro:<\/b><br>1- Fa\u00e7a download do formul\u00e1rio de inscri\u00e7\u00e3o em PDF, analise seu conte\u00fado e prepare suas repostas com aten\u00e7\u00e3o. \n<br>2- Preencha o formul\u00e1rio online no idioma de sua prefer\u00eancia<\/h2>\t\t\t\t<\/div>\n\t\t\t\t<\/div>\n\t\t\t\t<\/div>\n\t\t<div class=\"elementor-element elementor-element-559d12d e-flex e-con-boxed e-con e-parent\" data-id=\"559d12d\" data-element_type=\"container\" data-e-type=\"container\">\n\t\t\t\t\t<div class=\"e-con-inner\">\n\t\t<div class=\"elementor-element elementor-element-8611aec e-con-full e-flex e-con e-child\" data-id=\"8611aec\" data-element_type=\"container\" data-e-type=\"container\">\n\t\t\t\t<div class=\"elementor-element elementor-element-0f06663 elementor-align-center elementor-widget elementor-widget-button\" data-id=\"0f06663\" data-element_type=\"widget\" data-e-type=\"widget\" data-widget_type=\"button.default\">\n\t\t\t\t<div class=\"elementor-widget-container\">\n\t\t\t\t\t\t\t\t\t<div class=\"elementor-button-wrapper\">\n\t\t\t\t\t<a class=\"elementor-button elementor-button-link elementor-size-xl\" href=\"https:\/\/brafip.org.br\/brafip\/wp-content\/uploads\/2026\/04\/Portuguese_Form_2026.pdf\" target=\"_blank\">\n\t\t\t\t\t\t<span class=\"elementor-button-content-wrapper\">\n\t\t\t\t\t\t\t\t\t<span class=\"elementor-button-text\">Baixe aqui o PDF do formul\u00e1rio de inscri\u00e7\u00e3o<\/span>\n\t\t\t\t\t<\/span>\n\t\t\t\t\t<\/a>\n\t\t\t\t<\/div>\n\t\t\t\t\t\t\t\t<\/div>\n\t\t\t\t<\/div>\n\t\t\t\t<div class=\"elementor-element elementor-element-5d235f3 elementor-align-center elementor-widget elementor-widget-button\" data-id=\"5d235f3\" data-element_type=\"widget\" data-e-type=\"widget\" data-widget_type=\"button.default\">\n\t\t\t\t<div class=\"elementor-widget-container\">\n\t\t\t\t\t\t\t\t\t<div class=\"elementor-button-wrapper\">\n\t\t\t\t\t<a class=\"elementor-button elementor-button-link elementor-size-xl\" href=\"https:\/\/surveymonkey.com\/r\/ChamadaBrafipALETI2026\">\n\t\t\t\t\t\t<span class=\"elementor-button-content-wrapper\">\n\t\t\t\t\t\t\t\t\t<span class=\"elementor-button-text\">Envia sua id\u00e9ia aqui<\/span>\n\t\t\t\t\t<\/span>\n\t\t\t\t\t<\/a>\n\t\t\t\t<\/div>\n\t\t\t\t\t\t\t\t<\/div>\n\t\t\t\t<\/div>\n\t\t\t\t<\/div>\n\t\t<div class=\"elementor-element elementor-element-1260678 e-con-full e-flex e-con e-child\" data-id=\"1260678\" data-element_type=\"container\" data-e-type=\"container\">\n\t\t\t\t<div class=\"elementor-element elementor-element-b8a143f elementor-align-center elementor-widget elementor-widget-button\" data-id=\"b8a143f\" data-element_type=\"widget\" data-e-type=\"widget\" data-widget_type=\"button.default\">\n\t\t\t\t<div class=\"elementor-widget-container\">\n\t\t\t\t\t\t\t\t\t<div class=\"elementor-button-wrapper\">\n\t\t\t\t\t<a class=\"elementor-button elementor-button-link elementor-size-xl\" href=\"https:\/\/brafip.org.br\/brafip\/wp-content\/uploads\/2026\/04\/Spanish_Form_2026.pdf\">\n\t\t\t\t\t\t<span class=\"elementor-button-content-wrapper\">\n\t\t\t\t\t\t\t\t\t<span class=\"elementor-button-text\">Descarga el PDF del formulario de candidatura aqu\u00ed<\/span>\n\t\t\t\t\t<\/span>\n\t\t\t\t\t<\/a>\n\t\t\t\t<\/div>\n\t\t\t\t\t\t\t\t<\/div>\n\t\t\t\t<\/div>\n\t\t\t\t<div class=\"elementor-element elementor-element-9b850df elementor-align-center elementor-widget elementor-widget-button\" data-id=\"9b850df\" data-element_type=\"widget\" data-e-type=\"widget\" data-widget_type=\"button.default\">\n\t\t\t\t<div class=\"elementor-widget-container\">\n\t\t\t\t\t\t\t\t\t<div class=\"elementor-button-wrapper\">\n\t\t\t\t\t<a class=\"elementor-button elementor-button-link elementor-size-xl\" href=\"https:\/\/surveymonkey.com\/r\/LlamadaALETIBrafip2026\">\n\t\t\t\t\t\t<span class=\"elementor-button-content-wrapper\">\n\t\t\t\t\t\t\t\t\t<span class=\"elementor-button-text\">Envia tua idea aqui<\/span>\n\t\t\t\t\t<\/span>\n\t\t\t\t\t<\/a>\n\t\t\t\t<\/div>\n\t\t\t\t\t\t\t\t<\/div>\n\t\t\t\t<\/div>\n\t\t\t\t<\/div>\n\t\t<div class=\"elementor-element elementor-element-9d08e81 e-con-full e-flex e-con e-child\" data-id=\"9d08e81\" data-element_type=\"container\" data-e-type=\"container\">\n\t\t\t\t<div class=\"elementor-element elementor-element-c73f1de elementor-align-center elementor-widget elementor-widget-button\" data-id=\"c73f1de\" data-element_type=\"widget\" data-e-type=\"widget\" data-widget_type=\"button.default\">\n\t\t\t\t<div class=\"elementor-widget-container\">\n\t\t\t\t\t\t\t\t\t<div class=\"elementor-button-wrapper\">\n\t\t\t\t\t<a class=\"elementor-button elementor-button-link elementor-size-xl\" href=\"https:\/\/brafip.org.br\/brafip\/wp-content\/uploads\/2026\/04\/English_Form_2026.pdf\">\n\t\t\t\t\t\t<span class=\"elementor-button-content-wrapper\">\n\t\t\t\t\t\t\t\t\t<span class=\"elementor-button-text\">Download the application form PDF here<\/span>\n\t\t\t\t\t<\/span>\n\t\t\t\t\t<\/a>\n\t\t\t\t<\/div>\n\t\t\t\t\t\t\t\t<\/div>\n\t\t\t\t<\/div>\n\t\t\t\t<div class=\"elementor-element elementor-element-13ecd07 elementor-align-center elementor-widget elementor-widget-button\" data-id=\"13ecd07\" data-element_type=\"widget\" data-e-type=\"widget\" data-widget_type=\"button.default\">\n\t\t\t\t<div class=\"elementor-widget-container\">\n\t\t\t\t\t\t\t\t\t<div class=\"elementor-button-wrapper\">\n\t\t\t\t\t<a class=\"elementor-button elementor-button-link elementor-size-xl\" href=\"https:\/\/surveymonkey.com\/r\/2026BrafipALETICall\">\n\t\t\t\t\t\t<span class=\"elementor-button-content-wrapper\">\n\t\t\t\t\t\t\t\t\t<span class=\"elementor-button-text\">Send your idea here<\/span>\n\t\t\t\t\t<\/span>\n\t\t\t\t\t<\/a>\n\t\t\t\t<\/div>\n\t\t\t\t\t\t\t\t<\/div>\n\t\t\t\t<\/div>\n\t\t\t\t<\/div>\n\t\t\t\t\t<\/div>\n\t\t\t\t<\/div>\n\t\t<div class=\"elementor-element elementor-element-7f74ed9 e-grid e-con-full e-con e-parent\" data-id=\"7f74ed9\" data-element_type=\"container\" data-e-type=\"container\">\n\t\t<div class=\"elementor-element elementor-element-bfd6b78 e-con-full e-flex e-con e-child\" data-id=\"bfd6b78\" data-element_type=\"container\" data-e-type=\"container\">\n\t\t\t\t<div class=\"elementor-element elementor-element-4e02c31 elementor-widget__width-initial elementor-widget elementor-widget-image\" data-id=\"4e02c31\" data-element_type=\"widget\" data-e-type=\"widget\" data-widget_type=\"image.default\">\n\t\t\t\t<div class=\"elementor-widget-container\">\n\t\t\t\t\t\t\t\t\t\t\t\t\t\t\t<img decoding=\"async\" width=\"150\" height=\"150\" src=\"https:\/\/brafip.org.br\/brafip\/wp-content\/uploads\/2023\/04\/br-1.svg\" class=\"attachment-thumbnail size-thumbnail wp-image-4076\" alt=\"\" \/>\t\t\t\t\t\t\t\t\t\t\t\t\t\t\t<\/div>\n\t\t\t\t<\/div>\n\t\t\t\t<\/div>\n\t\t<div class=\"elementor-element elementor-element-a0cfb74 e-con-full e-flex e-con e-child\" data-id=\"a0cfb74\" data-element_type=\"container\" data-e-type=\"container\">\n\t\t\t\t<div class=\"elementor-element elementor-element-c542da2 elementor-widget elementor-widget-image\" data-id=\"c542da2\" data-element_type=\"widget\" data-e-type=\"widget\" data-widget_type=\"image.default\">\n\t\t\t\t<div class=\"elementor-widget-container\">\n\t\t\t\t\t\t\t\t\t\t\t\t\t\t\t<img decoding=\"async\" width=\"150\" height=\"150\" src=\"https:\/\/brafip.org.br\/brafip\/wp-content\/uploads\/2023\/04\/es.svg\" class=\"attachment-thumbnail size-thumbnail wp-image-4074\" alt=\"\" \/>\t\t\t\t\t\t\t\t\t\t\t\t\t\t\t<\/div>\n\t\t\t\t<\/div>\n\t\t\t\t<\/div>\n\t\t<div class=\"elementor-element elementor-element-cfaf9bc e-con-full e-flex e-con e-child\" data-id=\"cfaf9bc\" data-element_type=\"container\" data-e-type=\"container\">\n\t\t\t\t<div class=\"elementor-element elementor-element-7ad6330 elementor-widget elementor-widget-image\" data-id=\"7ad6330\" data-element_type=\"widget\" data-e-type=\"widget\" data-widget_type=\"image.default\">\n\t\t\t\t<div class=\"elementor-widget-container\">\n\t\t\t\t\t\t\t\t\t\t\t\t\t\t\t<img loading=\"lazy\" decoding=\"async\" width=\"150\" height=\"150\" src=\"https:\/\/brafip.org.br\/brafip\/wp-content\/uploads\/2023\/04\/us.svg\" class=\"attachment-thumbnail size-thumbnail wp-image-4075\" alt=\"\" \/>\t\t\t\t\t\t\t\t\t\t\t\t\t\t\t<\/div>\n\t\t\t\t<\/div>\n\t\t\t\t<\/div>\n\t\t\t\t<\/div>\n\t\t<div class=\"elementor-element elementor-element-da751ff e-flex e-con-boxed e-con e-parent\" data-id=\"da751ff\" data-element_type=\"container\" data-e-type=\"container\">\n\t\t\t\t\t<div class=\"e-con-inner\">\n\t\t\t\t<div class=\"elementor-element elementor-element-d87ceb5 elementor-widget-divider--view-line elementor-widget elementor-widget-divider\" data-id=\"d87ceb5\" data-element_type=\"widget\" data-e-type=\"widget\" data-widget_type=\"divider.default\">\n\t\t\t\t<div class=\"elementor-widget-container\">\n\t\t\t\t\t\t\t<div class=\"elementor-divider\">\n\t\t\t<span class=\"elementor-divider-separator\">\n\t\t\t\t\t\t<\/span>\n\t\t<\/div>\n\t\t\t\t\t\t<\/div>\n\t\t\t\t<\/div>\n\t\t\t\t<div class=\"elementor-element elementor-element-0a68148 elementor-arrows-position-outside elementor-pagination-position-outside elementor-invisible elementor-widget elementor-widget-image-carousel\" data-id=\"0a68148\" data-element_type=\"widget\" data-e-type=\"widget\" data-settings=\"{&quot;slides_to_show&quot;:&quot;2&quot;,&quot;slides_to_scroll&quot;:&quot;1&quot;,&quot;_animation&quot;:&quot;slideInUp&quot;,&quot;navigation&quot;:&quot;both&quot;,&quot;autoplay&quot;:&quot;yes&quot;,&quot;pause_on_hover&quot;:&quot;yes&quot;,&quot;pause_on_interaction&quot;:&quot;yes&quot;,&quot;autoplay_speed&quot;:5000,&quot;infinite&quot;:&quot;yes&quot;,&quot;speed&quot;:500}\" data-widget_type=\"image-carousel.default\">\n\t\t\t\t<div class=\"elementor-widget-container\">\n\t\t\t\t\t\t\t<div class=\"elementor-image-carousel-wrapper swiper\" role=\"region\" aria-roledescription=\"carousel\" aria-label=\"Image Carousel\" dir=\"ltr\">\n\t\t\t<div class=\"elementor-image-carousel swiper-wrapper swiper-image-stretch\" aria-live=\"off\">\n\t\t\t\t\t\t\t\t<div class=\"swiper-slide\" role=\"group\" aria-roledescription=\"slide\" aria-label=\"1 of 9\"><figure class=\"swiper-slide-inner\"><img decoding=\"async\" class=\"swiper-slide-image\" src=\"https:\/\/brafip.org.br\/brafip\/wp-content\/uploads\/2018\/08\/IMG-20170821-WA0017-300x300.jpg\" alt=\"IMG-20170821-WA0017\" \/><\/figure><\/div><div class=\"swiper-slide\" role=\"group\" aria-roledescription=\"slide\" aria-label=\"2 of 9\"><figure class=\"swiper-slide-inner\"><img decoding=\"async\" class=\"swiper-slide-image\" src=\"https:\/\/brafip.org.br\/brafip\/wp-content\/uploads\/2018\/11\/mural-BRAFIP-INCO-DAY-2018-300x300.png\" alt=\"mural---BRAFIP-INCO-DAY-2018\" \/><\/figure><\/div><div class=\"swiper-slide\" role=\"group\" aria-roledescription=\"slide\" aria-label=\"3 of 9\"><figure class=\"swiper-slide-inner\"><img decoding=\"async\" class=\"swiper-slide-image\" src=\"https:\/\/brafip.org.br\/brafip\/wp-content\/uploads\/2019\/07\/PHOTO-2019-07-26-12-17-36-1-300x300.jpg\" alt=\"PHOTO-2019-07-26-12-17-36\" \/><\/figure><\/div><div class=\"swiper-slide\" role=\"group\" aria-roledescription=\"slide\" aria-label=\"4 of 9\"><figure class=\"swiper-slide-inner\"><img decoding=\"async\" class=\"swiper-slide-image\" src=\"https:\/\/brafip.org.br\/brafip\/wp-content\/uploads\/2020\/07\/WhatsApp-Image-2020-07-16-at-11.12.25-300x300.jpeg\" alt=\"Llamada de Ideas BRAFIP 2020\" \/><\/figure><\/div><div class=\"swiper-slide\" role=\"group\" aria-roledescription=\"slide\" aria-label=\"5 of 9\"><figure class=\"swiper-slide-inner\"><img decoding=\"async\" class=\"swiper-slide-image\" src=\"https:\/\/brafip.org.br\/brafip\/wp-content\/uploads\/2021\/06\/Llamada-de-Ideas-InCoDay-2021-300x300.jpeg\" alt=\"Llamada de Ideas InCoDay 2021\" \/><\/figure><\/div><div class=\"swiper-slide\" role=\"group\" aria-roledescription=\"slide\" aria-label=\"6 of 9\"><figure class=\"swiper-slide-inner\"><img decoding=\"async\" class=\"swiper-slide-image\" src=\"https:\/\/brafip.org.br\/brafip\/wp-content\/uploads\/2022\/09\/CI-Ultimos-Dias-ES-300x300.jpeg\" alt=\"CI-Ultimos-Dias-ES\" \/><\/figure><\/div><div class=\"swiper-slide\" role=\"group\" aria-roledescription=\"slide\" aria-label=\"7 of 9\"><figure class=\"swiper-slide-inner\"><img decoding=\"async\" class=\"swiper-slide-image\" src=\"https:\/\/brafip.org.br\/brafip\/wp-content\/uploads\/2023\/04\/CI_PT-300x300.jpeg\" alt=\"CI_PT\" \/><\/figure><\/div><div class=\"swiper-slide\" role=\"group\" aria-roledescription=\"slide\" aria-label=\"8 of 9\"><figure class=\"swiper-slide-inner\"><img decoding=\"async\" class=\"swiper-slide-image\" src=\"https:\/\/brafip.org.br\/brafip\/wp-content\/uploads\/2024\/05\/Ci2024-Card-Lancamento-PtBR-e1716007170991-300x282.png\" alt=\"Ci2024 - Card Lanc\u0327amento PtBR\" \/><\/figure><\/div><div class=\"swiper-slide\" role=\"group\" aria-roledescription=\"slide\" aria-label=\"9 of 9\"><figure class=\"swiper-slide-inner\"><img decoding=\"async\" class=\"swiper-slide-image\" src=\"https:\/\/brafip.org.br\/brafip\/wp-content\/uploads\/2025\/10\/Webinar-divulgacao-das-Ideias-selecionadas-e1775941127436-300x300.jpeg\" alt=\"Webinar divulgac\u0327a\u0303o das Ideias selecionadas\" \/><\/figure><\/div>\t\t\t<\/div>\n\t\t\t\t\t\t\t\t\t\t\t\t<div class=\"elementor-swiper-button elementor-swiper-button-prev\" role=\"button\" tabindex=\"0\">\n\t\t\t\t\t\t<svg aria-hidden=\"true\" class=\"e-font-icon-svg e-eicon-chevron-left\" viewBox=\"0 0 1000 1000\" xmlns=\"http:\/\/www.w3.org\/2000\/svg\"><path d=\"M646 125C629 125 613 133 604 142L308 442C296 454 292 471 292 487 292 504 296 521 308 533L604 854C617 867 629 875 646 875 663 875 679 871 692 858 704 846 713 829 713 812 713 796 708 779 692 767L438 487 692 225C700 217 708 204 708 187 708 171 704 154 692 142 675 129 663 125 646 125Z\"><\/path><\/svg>\t\t\t\t\t<\/div>\n\t\t\t\t\t<div class=\"elementor-swiper-button elementor-swiper-button-next\" role=\"button\" tabindex=\"0\">\n\t\t\t\t\t\t<svg aria-hidden=\"true\" class=\"e-font-icon-svg e-eicon-chevron-right\" viewBox=\"0 0 1000 1000\" xmlns=\"http:\/\/www.w3.org\/2000\/svg\"><path d=\"M696 533C708 521 713 504 713 487 713 471 708 454 696 446L400 146C388 133 375 125 354 125 338 125 325 129 313 142 300 154 292 171 292 187 292 204 296 221 308 233L563 492 304 771C292 783 288 800 288 817 288 833 296 850 308 863 321 871 338 875 354 875 371 875 388 867 400 854L696 533Z\"><\/path><\/svg>\t\t\t\t\t<\/div>\n\t\t\t\t\n\t\t\t\t\t\t\t\t\t<div class=\"swiper-pagination\"><\/div>\n\t\t\t\t\t\t\t\t\t<\/div>\n\t\t\t\t\t\t<\/div>\n\t\t\t\t<\/div>\n\t\t\t\t\t<\/div>\n\t\t\t\t<\/div>\n\t\t\t\t<\/div>\n\t\t","protected":false},"excerpt":{"rendered":"<p>Chamadas BRAFIP de Ideias s\u00e3o convites p\u00fablicos, anuais, via surveymonkey, para submiss\u00e3o de ideias e projetos para PD&amp;I colaborativa. As chamadas s\u00e3o realizadas internacionalmente, em portugu\u00eas, ingl\u00eas e espanhol com o apoio de parceiros nacionais e internacionais da BRAFIP.Um comit\u00ea ad hoc seleciona as 15 melhores ideias para apresenta\u00e7\u00e3o de&hellip;<\/p>\n","protected":false},"author":1,"featured_media":5238,"parent":0,"menu_order":0,"comment_status":"closed","ping_status":"closed","template":"elementor_header_footer","meta":{"_price":"","_stock":"","_tribe_ticket_header":"","_tribe_default_ticket_provider":"","_tribe_ticket_capacity":"0","_ticket_start_date":"","_ticket_end_date":"","_tribe_ticket_show_description":"","_tribe_ticket_show_not_going":false,"_tribe_ticket_use_global_stock":"","_tribe_ticket_global_stock_level":"","_global_stock_mode":"","_global_stock_cap":"","_tribe_rsvp_for_event":"","_tribe_ticket_going_count":"","_tribe_ticket_not_going_count":"","_tribe_tickets_list":"[]","_tribe_ticket_has_attendee_info_fields":false,"footnotes":"","_tec_slr_enabled":"","_tec_slr_layout":""},"class_list":["post-168","page","type-page","status-publish","has-post-thumbnail","hentry"],"ticketed":false,"_links":{"self":[{"href":"https:\/\/brafip.org.br\/brafip\/wp-json\/wp\/v2\/pages\/168","targetHints":{"allow":["GET"]}}],"collection":[{"href":"https:\/\/brafip.org.br\/brafip\/wp-json\/wp\/v2\/pages"}],"about":[{"href":"https:\/\/brafip.org.br\/brafip\/wp-json\/wp\/v2\/types\/page"}],"author":[{"embeddable":true,"href":"https:\/\/brafip.org.br\/brafip\/wp-json\/wp\/v2\/users\/1"}],"replies":[{"embeddable":true,"href":"https:\/\/brafip.org.br\/brafip\/wp-json\/wp\/v2\/comments?post=168"}],"version-history":[{"count":145,"href":"https:\/\/brafip.org.br\/brafip\/wp-json\/wp\/v2\/pages\/168\/revisions"}],"predecessor-version":[{"id":5262,"href":"https:\/\/brafip.org.br\/brafip\/wp-json\/wp\/v2\/pages\/168\/revisions\/5262"}],"wp:featuredmedia":[{"embeddable":true,"href":"https:\/\/brafip.org.br\/brafip\/wp-json\/wp\/v2\/media\/5238"}],"wp:attachment":[{"href":"https:\/\/brafip.org.br\/brafip\/wp-json\/wp\/v2\/media?parent=168"}],"curies":[{"name":"wp","href":"https:\/\/api.w.org\/{rel}","templated":true}]}}