{"id":146,"date":"2018-08-09T14:31:32","date_gmt":"2018-08-09T17:31:32","guid":{"rendered":"http:\/\/www.brafip.org.br\/brafip\/\/?page_id=146"},"modified":"2025-04-26T15:57:24","modified_gmt":"2025-04-26T18:57:24","slug":"associados","status":"publish","type":"page","link":"https:\/\/brafip.org.br\/brafip\/associados\/","title":{"rendered":"Associados"},"content":{"rendered":"\t\t<div data-elementor-type=\"wp-post\" data-elementor-id=\"146\" class=\"elementor elementor-146\">\n\t\t\t\t<div class=\"elementor-element elementor-element-d763078 e-flex e-con-boxed e-con e-parent\" data-id=\"d763078\" data-element_type=\"container\" data-e-type=\"container\">\n\t\t\t\t\t<div class=\"e-con-inner\">\n\t\t<div class=\"elementor-element elementor-element-486f0e5 e-con-full e-flex e-con e-child\" data-id=\"486f0e5\" data-element_type=\"container\" data-e-type=\"container\">\n\t\t\t\t<div class=\"elementor-element elementor-element-43b3cb5 elementor-widget__width-auto elementor-widget elementor-widget-heading\" data-id=\"43b3cb5\" data-element_type=\"widget\" data-e-type=\"widget\" data-widget_type=\"heading.default\">\n\t\t\t\t<div class=\"elementor-widget-container\">\n\t\t\t\t\t<h2 class=\"elementor-heading-title elementor-size-default\">Associados<\/h2>\t\t\t\t<\/div>\n\t\t\t\t<\/div>\n\t\t<div class=\"elementor-element elementor-element-b7f57b1 e-con-full e-flex e-con e-child\" data-id=\"b7f57b1\" data-element_type=\"container\" data-e-type=\"container\">\n\t\t\t\t<div class=\"elementor-element elementor-element-032ba33 elementor-widget-divider--view-line elementor-widget elementor-widget-divider\" data-id=\"032ba33\" data-element_type=\"widget\" data-e-type=\"widget\" data-widget_type=\"divider.default\">\n\t\t\t\t<div class=\"elementor-widget-container\">\n\t\t\t\t\t\t\t<div class=\"elementor-divider\">\n\t\t\t<span class=\"elementor-divider-separator\">\n\t\t\t\t\t\t<\/span>\n\t\t<\/div>\n\t\t\t\t\t\t<\/div>\n\t\t\t\t<\/div>\n\t\t\t\t<div class=\"elementor-element elementor-element-1150935 elementor-widget__width-auto elementor-position-top elementor-widget elementor-widget-image-box\" data-id=\"1150935\" data-element_type=\"widget\" data-e-type=\"widget\" data-widget_type=\"image-box.default\">\n\t\t\t\t<div class=\"elementor-widget-container\">\n\t\t\t\t\t<div class=\"elementor-image-box-wrapper\"><figure class=\"elementor-image-box-img\"><a href=\"http:\/\/abtelecom.org.br\/site\/\" tabindex=\"-1\"><img decoding=\"async\" width=\"220\" height=\"51\" src=\"https:\/\/brafip.org.br\/brafip\/wp-content\/uploads\/2018\/11\/logo-ABTELECOM-1-300x66-1.png\" class=\"attachment-full size-full wp-image-336\" alt=\"\" \/><\/a><\/figure><div class=\"elementor-image-box-content\"><p class=\"elementor-image-box-description\">Fundada em 1947, \u00e9 a mais antiga associa\u00e7\u00e3o nacional na \u00e1rea de telecomunica\u00e7\u00f5es e tem como finalidade desenvolver incrementar as rela\u00e7\u00f5es no ramo das telecomunica\u00e7\u00f5es, levando em considera\u00e7\u00e3o as profundas transforma\u00e7\u00f5es ocorridas no cen\u00e1rio institucional e legal das telecomunica\u00e7\u00f5es e da converg\u00eancia tecnol\u00f3gica das plataformas de produ\u00e7\u00e3o, de presta\u00e7\u00e3o e de uso de servi\u00e7os.<\/p><\/div><\/div>\t\t\t\t<\/div>\n\t\t\t\t<\/div>\n\t\t\t\t<div class=\"elementor-element elementor-element-42036ee elementor-widget-divider--view-line elementor-widget elementor-widget-divider\" data-id=\"42036ee\" data-element_type=\"widget\" data-e-type=\"widget\" data-widget_type=\"divider.default\">\n\t\t\t\t<div class=\"elementor-widget-container\">\n\t\t\t\t\t\t\t<div class=\"elementor-divider\">\n\t\t\t<span class=\"elementor-divider-separator\">\n\t\t\t\t\t\t<\/span>\n\t\t<\/div>\n\t\t\t\t\t\t<\/div>\n\t\t\t\t<\/div>\n\t\t\t\t<div class=\"elementor-element elementor-element-d17cdb8 elementor-widget__width-auto elementor-position-top elementor-widget elementor-widget-image-box\" data-id=\"d17cdb8\" data-element_type=\"widget\" data-e-type=\"widget\" data-widget_type=\"image-box.default\">\n\t\t\t\t<div class=\"elementor-widget-container\">\n\t\t\t\t\t<div class=\"elementor-image-box-wrapper\"><figure class=\"elementor-image-box-img\"><a href=\"http:\/\/assespro.org.br\/\" tabindex=\"-1\"><img fetchpriority=\"high\" decoding=\"async\" width=\"640\" height=\"168\" src=\"https:\/\/brafip.org.br\/brafip\/wp-content\/uploads\/2025\/04\/Confederacao-Assespro-768x201.png\" class=\"attachment-medium_large size-medium_large wp-image-5000\" alt=\"\" srcset=\"https:\/\/brafip.org.br\/brafip\/wp-content\/uploads\/2025\/04\/Confederacao-Assespro-768x201.png 768w, https:\/\/brafip.org.br\/brafip\/wp-content\/uploads\/2025\/04\/Confederacao-Assespro-300x79.png 300w, https:\/\/brafip.org.br\/brafip\/wp-content\/uploads\/2025\/04\/Confederacao-Assespro.png 930w\" sizes=\"(max-width: 640px) 100vw, 640px\" \/><\/a><\/figure><div class=\"elementor-image-box-content\"><p class=\"elementor-image-box-description\">A Confedera\u00e7\u00e3o das Associa\u00e7\u00f5es das Empresas Brasileiras de Tecnologia da Informa\u00e7\u00e3o, \u00e9 uma entidade sem fins lucrativos, regida por seus Estatutos Sociais, criada com o intuito de representar de forma distinta e empreendedora, empresas privadas nacionais produtoras e desenvolvedoras de software, produtos e servi\u00e7os de tecnologia da informa\u00e7\u00e3o, telecomunica\u00e7\u00f5es e internet.<\/p><\/div><\/div>\t\t\t\t<\/div>\n\t\t\t\t<\/div>\n\t\t\t\t<div class=\"elementor-element elementor-element-347e184 elementor-widget-divider--view-line elementor-widget elementor-widget-divider\" data-id=\"347e184\" data-element_type=\"widget\" data-e-type=\"widget\" data-widget_type=\"divider.default\">\n\t\t\t\t<div class=\"elementor-widget-container\">\n\t\t\t\t\t\t\t<div class=\"elementor-divider\">\n\t\t\t<span class=\"elementor-divider-separator\">\n\t\t\t\t\t\t<\/span>\n\t\t<\/div>\n\t\t\t\t\t\t<\/div>\n\t\t\t\t<\/div>\n\t\t\t\t<div class=\"elementor-element elementor-element-831b568 elementor-widget__width-auto elementor-position-top elementor-widget elementor-widget-image-box\" data-id=\"831b568\" data-element_type=\"widget\" data-e-type=\"widget\" data-widget_type=\"image-box.default\">\n\t\t\t\t<div class=\"elementor-widget-container\">\n\t\t\t\t\t<div class=\"elementor-image-box-wrapper\"><figure class=\"elementor-image-box-img\"><a href=\"https:\/\/www.sbc.org.br\/\" tabindex=\"-1\"><img decoding=\"async\" width=\"194\" height=\"94\" src=\"https:\/\/brafip.org.br\/brafip\/wp-content\/uploads\/2018\/11\/logo_sbc-1.png\" class=\"attachment-full size-full wp-image-342\" alt=\"\" \/><\/a><\/figure><div class=\"elementor-image-box-content\"><p class=\"elementor-image-box-description\">A Sociedade Brasileira de Computa\u00e7\u00e3o \u2013 SBC \u00e9 uma Sociedade Cient\u00edfica sem fins lucrativos, fundada em 24 de Julho de 1978, que re\u00fane estudantes, professores, profissionais, pesquisadores e entusiastas da \u00e1rea de Computa\u00e7\u00e3o e Inform\u00e1tica de todo o Brasil. A SBC tem como fun\u00e7\u00e3o fomentar o acesso \u00e0 informa\u00e7\u00e3o e cultura por meio da inform\u00e1tica, promover a inclus\u00e3o digital, incentivar a pesquisa e o ensino em computa\u00e7\u00e3o no Brasil, e contribuir para a forma\u00e7\u00e3o do profissional da computa\u00e7\u00e3o com responsabilidade social.<\/p><\/div><\/div>\t\t\t\t<\/div>\n\t\t\t\t<\/div>\n\t\t\t\t<div class=\"elementor-element elementor-element-d005450 elementor-widget__width-auto elementor-position-top elementor-widget elementor-widget-image-box\" data-id=\"d005450\" data-element_type=\"widget\" data-e-type=\"widget\" data-widget_type=\"image-box.default\">\n\t\t\t\t<div class=\"elementor-widget-container\">\n\t\t\t\t\t<div class=\"elementor-image-box-wrapper\"><figure class=\"elementor-image-box-img\"><a href=\"http:\/\/www.softexrecife.org.br\/\" tabindex=\"-1\"><img loading=\"lazy\" decoding=\"async\" width=\"210\" height=\"76\" src=\"https:\/\/brafip.org.br\/brafip\/wp-content\/uploads\/2018\/11\/2025009b-79e7-441b-bf6e-0c1bff743632.png\" class=\"attachment-freddo-little-post size-freddo-little-post wp-image-349\" alt=\"\" \/><\/a><\/figure><div class=\"elementor-image-box-content\"><p class=\"elementor-image-box-description\">O SOFTEXRECIFE - Centro de Excel\u00eancia em Tecnologia de Software do Recife, \u00e9 uma associa\u00e7\u00e3o de empresas de Tecnologia da Informa\u00e7\u00e3o e Comunica\u00e7\u00e3o (TIC), sem fins lucrativos criada em 8 de novembro de 1994, foi o sexto n\u00facleo criado no pa\u00eds. Em 2006 foi reconhecida como OSCIP - Organiza\u00e7\u00e3o da Sociedade Civil de Interesse P\u00fablico nos n\u00edveis municipal, estadual e federal, com registro junto ao CATI - Conselho de Atividades de Tecnologia da Informa\u00e7\u00e3o do Minist\u00e9rio da Ci\u00eancia e Tecnologia.<\/p><\/div><\/div>\t\t\t\t<\/div>\n\t\t\t\t<\/div>\n\t\t\t\t<div class=\"elementor-element elementor-element-f8af653 elementor-widget-divider--view-line elementor-widget elementor-widget-divider\" data-id=\"f8af653\" data-element_type=\"widget\" data-e-type=\"widget\" data-widget_type=\"divider.default\">\n\t\t\t\t<div class=\"elementor-widget-container\">\n\t\t\t\t\t\t\t<div class=\"elementor-divider\">\n\t\t\t<span class=\"elementor-divider-separator\">\n\t\t\t\t\t\t<\/span>\n\t\t<\/div>\n\t\t\t\t\t\t<\/div>\n\t\t\t\t<\/div>\n\t\t\t\t<div class=\"elementor-element elementor-element-3d43d16 elementor-widget__width-auto elementor-position-top elementor-widget elementor-widget-image-box\" data-id=\"3d43d16\" data-element_type=\"widget\" data-e-type=\"widget\" data-widget_type=\"image-box.default\">\n\t\t\t\t<div class=\"elementor-widget-container\">\n\t\t\t\t\t<div class=\"elementor-image-box-wrapper\"><figure class=\"elementor-image-box-img\"><a href=\"http:\/\/softsul.org.br\/v2\/\" tabindex=\"-1\"><img loading=\"lazy\" decoding=\"async\" width=\"251\" height=\"73\" src=\"https:\/\/brafip.org.br\/brafip\/wp-content\/uploads\/2018\/11\/softsul.jpg\" class=\"attachment-freddo-little-post size-freddo-little-post wp-image-345\" alt=\"\" \/><\/a><\/figure><div class=\"elementor-image-box-content\"><p class=\"elementor-image-box-description\">Criada em 30 de novembro de 1994, com o objetivo principal de gerir o Programa SOFTEX no RS, a Associa\u00e7\u00e3o Sul-Riograndense de Apoio ao Desenvolvimento de Software \u2013 SOFTSUL \u2013 visa ao desenvolvimento s\u00f3cio-econ\u00f4mico e ao aumento da competitividade das empresas do setor produtivo de Tecnologia da Informa\u00e7\u00e3o e da Comunica\u00e7\u00e3o, especialmente da ind\u00fastria brasileira de software e servi\u00e7os correlatos.<\/p><\/div><\/div>\t\t\t\t<\/div>\n\t\t\t\t<\/div>\n\t\t\t\t<div class=\"elementor-element elementor-element-f5e0ae9 elementor-widget-divider--view-line elementor-widget elementor-widget-divider\" data-id=\"f5e0ae9\" data-element_type=\"widget\" data-e-type=\"widget\" data-widget_type=\"divider.default\">\n\t\t\t\t<div class=\"elementor-widget-container\">\n\t\t\t\t\t\t\t<div class=\"elementor-divider\">\n\t\t\t<span class=\"elementor-divider-separator\">\n\t\t\t\t\t\t<\/span>\n\t\t<\/div>\n\t\t\t\t\t\t<\/div>\n\t\t\t\t<\/div>\n\t\t\t\t<\/div>\n\t\t\t\t<div class=\"elementor-element elementor-element-2b2bc2f elementor-widget__width-auto elementor-position-top elementor-widget elementor-widget-image-box\" data-id=\"2b2bc2f\" data-element_type=\"widget\" data-e-type=\"widget\" data-widget_type=\"image-box.default\">\n\t\t\t\t<div class=\"elementor-widget-container\">\n\t\t\t\t\t<div class=\"elementor-image-box-wrapper\"><figure class=\"elementor-image-box-img\"><a href=\"http:\/\/www.fumsoft.org.br\/\" tabindex=\"-1\"><img loading=\"lazy\" decoding=\"async\" width=\"150\" height=\"43\" src=\"https:\/\/brafip.org.br\/brafip\/wp-content\/uploads\/2018\/11\/Logo-Fumsoft_cor-iloveimg-resized-1.png\" class=\"attachment-freddo-the-post-big size-freddo-the-post-big wp-image-351\" alt=\"\" \/><\/a><\/figure><div class=\"elementor-image-box-content\"><p class=\"elementor-image-box-description\">Somos uma institui\u00e7\u00e3o sem fins lucrativos , com sede em Belo Horizonte, MG e desde 1992, atuamos na indu\u00e7\u00e3o do desenvolvimento da cadeia produtiva de Tecnologia da Informa\u00e7\u00e3o (TI) em Minas Gerais. Como uma associa\u00e7\u00e3o empresarial, desenvolvemos programas nas \u00e1reas de Empreendedorismo (incuba\u00e7\u00e3o e acelera\u00e7\u00e3o de startups), Qualidade, Neg\u00f3cios Internacionais, Projetos de P&amp;D e Lei de Inform\u00e1tica e Capacita\u00e7\u00f5es Empresarias.<\/p><\/div><\/div>\t\t\t\t<\/div>\n\t\t\t\t<\/div>\n\t\t\t\t<div class=\"elementor-element elementor-element-d2befca elementor-widget__width-auto elementor-position-top elementor-widget elementor-widget-image-box\" data-id=\"d2befca\" data-element_type=\"widget\" data-e-type=\"widget\" data-widget_type=\"image-box.default\">\n\t\t\t\t<div class=\"elementor-widget-container\">\n\t\t\t\t\t<div class=\"elementor-image-box-wrapper\"><figure class=\"elementor-image-box-img\"><a href=\"http:\/\/www.riosoft.org.br\/home\" tabindex=\"-1\"><img loading=\"lazy\" decoding=\"async\" width=\"139\" height=\"70\" src=\"https:\/\/brafip.org.br\/brafip\/wp-content\/uploads\/2018\/11\/logo-1.png\" class=\"attachment-freddo-little-post size-freddo-little-post wp-image-346\" alt=\"\" \/><\/a><\/figure><div class=\"elementor-image-box-content\"><p class=\"elementor-image-box-description\">Sociedade N\u00facleo de Apoio \u00e0 produ\u00e7\u00e3o e Exporta\u00e7\u00e3o de Software do Rio de Janeiro \u2013 fundada em 1993, com a combina\u00e7\u00e3o de ideais da classe empresarial atuante em Tecnologia da Informa\u00e7\u00e3o e a vontade pol\u00edtica da Prefeitura do Rio de Janeiro, contando tamb\u00e9m com o apoio do Sebrae-RJ, da Assespro-RJ e do TI-Rio, tem como objetivo fortalecer a Tecnologia da Informa\u00e7\u00e3o no estado do Rio.<\/p><\/div><\/div>\t\t\t\t<\/div>\n\t\t\t\t<\/div>\n\t\t\t\t<div class=\"elementor-element elementor-element-63a3651 elementor-widget-divider--view-line elementor-widget elementor-widget-divider\" data-id=\"63a3651\" data-element_type=\"widget\" data-e-type=\"widget\" data-widget_type=\"divider.default\">\n\t\t\t\t<div class=\"elementor-widget-container\">\n\t\t\t\t\t\t\t<div class=\"elementor-divider\">\n\t\t\t<span class=\"elementor-divider-separator\">\n\t\t\t\t\t\t<\/span>\n\t\t<\/div>\n\t\t\t\t\t\t<\/div>\n\t\t\t\t<\/div>\n\t\t\t\t<div class=\"elementor-element elementor-element-8fd4cca elementor-widget__width-auto elementor-position-top elementor-widget elementor-widget-image-box\" data-id=\"8fd4cca\" data-element_type=\"widget\" data-e-type=\"widget\" data-widget_type=\"image-box.default\">\n\t\t\t\t<div class=\"elementor-widget-container\">\n\t\t\t\t\t<div class=\"elementor-image-box-wrapper\"><figure class=\"elementor-image-box-img\"><img loading=\"lazy\" decoding=\"async\" width=\"174\" height=\"75\" src=\"https:\/\/brafip.org.br\/brafip\/wp-content\/uploads\/2025\/04\/tecsoft.png\" class=\"attachment-freddo-little-post size-freddo-little-post wp-image-4999\" alt=\"\" \/><\/figure><div class=\"elementor-image-box-content\"><p class=\"elementor-image-box-description\">Sociedade civil, sem fins lucrativos. Nossa finalidade \u00e9 trabalhar pela melhoria da qualifica\u00e7\u00e3o e desenvolvimento das empresas de software e de seus colaboradores atrav\u00e9s da promo\u00e7\u00e3o de estudos e pesquisas, desenvolvimento de tecnologias, produ\u00e7\u00e3o e divulga\u00e7\u00e3o de informa\u00e7\u00f5es e conhecimentos t\u00e9cnicos e cient\u00edficos. <\/p><\/div><\/div>\t\t\t\t<\/div>\n\t\t\t\t<\/div>\n\t\t\t\t<div class=\"elementor-element elementor-element-158b1a1 elementor-widget-divider--view-line elementor-widget elementor-widget-divider\" data-id=\"158b1a1\" data-element_type=\"widget\" data-e-type=\"widget\" data-widget_type=\"divider.default\">\n\t\t\t\t<div class=\"elementor-widget-container\">\n\t\t\t\t\t\t\t<div class=\"elementor-divider\">\n\t\t\t<span class=\"elementor-divider-separator\">\n\t\t\t\t\t\t<\/span>\n\t\t<\/div>\n\t\t\t\t\t\t<\/div>\n\t\t\t\t<\/div>\n\t\t\t\t<div class=\"elementor-element elementor-element-e2f379d elementor-widget__width-auto elementor-position-top elementor-widget elementor-widget-image-box\" data-id=\"e2f379d\" data-element_type=\"widget\" data-e-type=\"widget\" data-widget_type=\"image-box.default\">\n\t\t\t\t<div class=\"elementor-widget-container\">\n\t\t\t\t\t<div class=\"elementor-image-box-wrapper\"><figure class=\"elementor-image-box-img\"><a href=\"http:\/\/its.org.br\/\" tabindex=\"-1\"><img loading=\"lazy\" decoding=\"async\" width=\"300\" height=\"160\" src=\"https:\/\/brafip.org.br\/brafip\/wp-content\/uploads\/2018\/11\/itsvetor300px.png\" class=\"attachment-freddo-little-post size-freddo-little-post wp-image-347\" alt=\"\" \/><\/a><\/figure><div class=\"elementor-image-box-content\"><h3 class=\"elementor-image-box-title\"><a href=\"http:\/\/its.org.br\/\">Instituto de Tecnologia de Software<\/a><\/h3><p class=\"elementor-image-box-description\">O Instituto de tecnologia de software - ITS trabalha na implementa\u00e7\u00e3o de melhoria de processos em empresas interessadas em ampliar sua capacidade de desenvolvimento de software, atrav\u00e9s do selo MPS.Br. <\/p><\/div><\/div>\t\t\t\t<\/div>\n\t\t\t\t<\/div>\n\t\t\t\t<div class=\"elementor-element elementor-element-88db470 elementor-widget-divider--view-line elementor-widget elementor-widget-divider\" data-id=\"88db470\" data-element_type=\"widget\" data-e-type=\"widget\" data-widget_type=\"divider.default\">\n\t\t\t\t<div class=\"elementor-widget-container\">\n\t\t\t\t\t\t\t<div class=\"elementor-divider\">\n\t\t\t<span class=\"elementor-divider-separator\">\n\t\t\t\t\t\t<\/span>\n\t\t<\/div>\n\t\t\t\t\t\t<\/div>\n\t\t\t\t<\/div>\n\t\t\t\t<\/div>\n\t\t\t\t\t<\/div>\n\t\t\t\t<\/div>\n\t\t\t\t<\/div>\n\t\t","protected":false},"excerpt":{"rendered":"<p>Associados Fundada em 1947, \u00e9 a mais antiga associa\u00e7\u00e3o nacional na \u00e1rea de telecomunica\u00e7\u00f5es e tem como finalidade desenvolver incrementar as rela\u00e7\u00f5es no ramo das telecomunica\u00e7\u00f5es, levando em considera\u00e7\u00e3o as profundas transforma\u00e7\u00f5es ocorridas no cen\u00e1rio institucional e legal das telecomunica\u00e7\u00f5es e da converg\u00eancia tecnol\u00f3gica das plataformas de produ\u00e7\u00e3o, de presta\u00e7\u00e3o&hellip;<\/p>\n","protected":false},"author":1,"featured_media":0,"parent":0,"menu_order":0,"comment_status":"closed","ping_status":"closed","template":"elementor_header_footer","meta":{"_price":"","_stock":"","_tribe_ticket_header":"","_tribe_default_ticket_provider":"","_tribe_ticket_capacity":"0","_ticket_start_date":"","_ticket_end_date":"","_tribe_ticket_show_description":"","_tribe_ticket_show_not_going":false,"_tribe_ticket_use_global_stock":"","_tribe_ticket_global_stock_level":"","_global_stock_mode":"","_global_stock_cap":"","_tribe_rsvp_for_event":"","_tribe_ticket_going_count":"","_tribe_ticket_not_going_count":"","_tribe_tickets_list":"[]","_tribe_ticket_has_attendee_info_fields":false,"footnotes":"","_tec_slr_enabled":"","_tec_slr_layout":""},"class_list":["post-146","page","type-page","status-publish","hentry"],"ticketed":false,"_links":{"self":[{"href":"https:\/\/brafip.org.br\/brafip\/wp-json\/wp\/v2\/pages\/146","targetHints":{"allow":["GET"]}}],"collection":[{"href":"https:\/\/brafip.org.br\/brafip\/wp-json\/wp\/v2\/pages"}],"about":[{"href":"https:\/\/brafip.org.br\/brafip\/wp-json\/wp\/v2\/types\/page"}],"author":[{"embeddable":true,"href":"https:\/\/brafip.org.br\/brafip\/wp-json\/wp\/v2\/users\/1"}],"replies":[{"embeddable":true,"href":"https:\/\/brafip.org.br\/brafip\/wp-json\/wp\/v2\/comments?post=146"}],"version-history":[{"count":47,"href":"https:\/\/brafip.org.br\/brafip\/wp-json\/wp\/v2\/pages\/146\/revisions"}],"predecessor-version":[{"id":5009,"href":"https:\/\/brafip.org.br\/brafip\/wp-json\/wp\/v2\/pages\/146\/revisions\/5009"}],"wp:attachment":[{"href":"https:\/\/brafip.org.br\/brafip\/wp-json\/wp\/v2\/media?parent=146"}],"curies":[{"name":"wp","href":"https:\/\/api.w.org\/{rel}","templated":true}]}}