{"id":144,"date":"2018-08-09T14:30:58","date_gmt":"2018-08-09T17:30:58","guid":{"rendered":"http:\/\/www.brafip.org.br\/brafip\/\/?page_id=144"},"modified":"2020-07-30T09:32:54","modified_gmt":"2020-07-30T12:32:54","slug":"aliancas","status":"publish","type":"page","link":"https:\/\/brafip.org.br\/brafip\/aliancas\/","title":{"rendered":"Alian\u00e7as"},"content":{"rendered":"\t\t<div data-elementor-type=\"wp-post\" data-elementor-id=\"144\" class=\"elementor elementor-144 elementor-bc-flex-widget\">\n\t\t\t\t\t\t<section class=\"elementor-section elementor-top-section elementor-element elementor-element-1c02223 elementor-section-boxed elementor-section-height-default elementor-section-height-default\" data-id=\"1c02223\" data-element_type=\"section\" data-e-type=\"section\">\n\t\t\t\t\t\t<div class=\"elementor-container elementor-column-gap-default\">\n\t\t\t\t\t<div class=\"elementor-column elementor-col-100 elementor-top-column elementor-element elementor-element-aaf8979\" data-id=\"aaf8979\" data-element_type=\"column\" data-e-type=\"column\">\n\t\t\t<div class=\"elementor-widget-wrap elementor-element-populated\">\n\t\t\t\t\t\t<div class=\"elementor-element elementor-element-2a47ba3 elementor-widget elementor-widget-heading\" data-id=\"2a47ba3\" data-element_type=\"widget\" data-e-type=\"widget\" data-widget_type=\"heading.default\">\n\t\t\t\t<div class=\"elementor-widget-container\">\n\t\t\t\t\t<h1 class=\"elementor-heading-title elementor-size-default\">Alian\u00e7as Internacionais<\/h1>\t\t\t\t<\/div>\n\t\t\t\t<\/div>\n\t\t\t\t\t<\/div>\n\t\t<\/div>\n\t\t\t\t\t<\/div>\n\t\t<\/section>\n\t\t\t\t<section class=\"elementor-section elementor-top-section elementor-element elementor-element-5dc5f0d elementor-section-boxed elementor-section-height-default elementor-section-height-default\" data-id=\"5dc5f0d\" data-element_type=\"section\" data-e-type=\"section\">\n\t\t\t\t\t\t<div class=\"elementor-container elementor-column-gap-default\">\n\t\t\t\t\t<div class=\"elementor-column elementor-col-33 elementor-top-column elementor-element elementor-element-c14f8a1\" data-id=\"c14f8a1\" data-element_type=\"column\" data-e-type=\"column\">\n\t\t\t<div class=\"elementor-widget-wrap elementor-element-populated\">\n\t\t\t\t\t\t<div class=\"elementor-element elementor-element-f130d83 elementor-position-top elementor-widget elementor-widget-image-box\" data-id=\"f130d83\" data-element_type=\"widget\" data-e-type=\"widget\" data-widget_type=\"image-box.default\">\n\t\t\t\t<div class=\"elementor-widget-container\">\n\t\t\t\t\t<div class=\"elementor-image-box-wrapper\"><figure class=\"elementor-image-box-img\"><a href=\"http:\/\/www.nessi-europe.com\/default.aspx?Page=home\" tabindex=\"-1\"><img fetchpriority=\"high\" decoding=\"async\" width=\"595\" height=\"218\" src=\"https:\/\/brafip.org.br\/brafip\/wp-content\/uploads\/2018\/11\/NESSI_LogoHiRes-GREEN.jpg\" class=\"elementor-animation-grow attachment-large size-large wp-image-314\" alt=\"\" srcset=\"https:\/\/brafip.org.br\/brafip\/wp-content\/uploads\/2018\/11\/NESSI_LogoHiRes-GREEN.jpg 595w, https:\/\/brafip.org.br\/brafip\/wp-content\/uploads\/2018\/11\/NESSI_LogoHiRes-GREEN-300x110.jpg 300w\" sizes=\"(max-width: 595px) 100vw, 595px\" \/><\/a><\/figure><div class=\"elementor-image-box-content\"><h3 class=\"elementor-image-box-title\"><a href=\"http:\/\/www.nessi-europe.com\/default.aspx?Page=home\">NESSI<\/a><\/h3><p class=\"elementor-image-box-description\">A Iniciativa de Software e Servi\u00e7os em Rede, \u00e9 a Plataforma Europeia de Tecnologia,\npara esta nova Sociedade da Informa\u00e7\u00e3o Digital e Economia iniciada por software e servi\u00e7os e dados.<\/p><\/div><\/div>\t\t\t\t<\/div>\n\t\t\t\t<\/div>\n\t\t\t\t\t<\/div>\n\t\t<\/div>\n\t\t\t\t<div class=\"elementor-column elementor-col-33 elementor-top-column elementor-element elementor-element-2c56c6e\" data-id=\"2c56c6e\" data-element_type=\"column\" data-e-type=\"column\">\n\t\t\t<div class=\"elementor-widget-wrap elementor-element-populated\">\n\t\t\t\t\t\t<div class=\"elementor-element elementor-element-2cbe8d8 elementor-position-top elementor-widget elementor-widget-image-box\" data-id=\"2cbe8d8\" data-element_type=\"widget\" data-e-type=\"widget\" data-widget_type=\"image-box.default\">\n\t\t\t\t<div class=\"elementor-widget-container\">\n\t\t\t\t\t<div class=\"elementor-image-box-wrapper\"><figure class=\"elementor-image-box-img\"><a href=\"https:\/\/nem-initiative.org\/\" tabindex=\"-1\"><img decoding=\"async\" width=\"166\" height=\"90\" src=\"https:\/\/brafip.org.br\/brafip\/wp-content\/uploads\/2018\/11\/nem-web-logo1.png\" class=\"elementor-animation-grow attachment-full size-full wp-image-316\" alt=\"\" \/><\/a><\/figure><div class=\"elementor-image-box-content\"><h3 class=\"elementor-image-box-title\"><a href=\"https:\/\/nem-initiative.org\/\">NEM Initiative<\/a><\/h3><p class=\"elementor-image-box-description\">A Iniciativa NEM (Nova Iniciativa Europeia de M\u00eddia) foi estabelecida como uma das Plataformas Europeias de Tecnologia\nsob o S\u00e9timo Programa de Framework, com o objetivo de promover a converg\u00eancia entre eletrodom\u00e9sticos,\ntransmiss\u00e3o \u00e1udio visual e telecomunica\u00e7\u00f5es para desenvolver o setor emergente de rede e m\u00eddia.<\/p><\/div><\/div>\t\t\t\t<\/div>\n\t\t\t\t<\/div>\n\t\t\t\t\t<\/div>\n\t\t<\/div>\n\t\t\t\t<div class=\"elementor-column elementor-col-33 elementor-top-column elementor-element elementor-element-10cae59\" data-id=\"10cae59\" data-element_type=\"column\" data-e-type=\"column\">\n\t\t\t<div class=\"elementor-widget-wrap elementor-element-populated\">\n\t\t\t\t\t\t<div class=\"elementor-element elementor-element-ba96cec elementor-position-top elementor-widget elementor-widget-image-box\" data-id=\"ba96cec\" data-element_type=\"widget\" data-e-type=\"widget\" data-widget_type=\"image-box.default\">\n\t\t\t\t<div class=\"elementor-widget-container\">\n\t\t\t\t\t<div class=\"elementor-image-box-wrapper\"><figure class=\"elementor-image-box-img\"><a href=\"http:\/\/brazil.enrichcentres.eu\/\" tabindex=\"-1\"><img decoding=\"async\" width=\"957\" height=\"425\" src=\"https:\/\/brafip.org.br\/brafip\/wp-content\/uploads\/2018\/11\/logo-enrich-br-web.png\" class=\"elementor-animation-grow attachment-full size-full wp-image-318\" alt=\"\" srcset=\"https:\/\/brafip.org.br\/brafip\/wp-content\/uploads\/2018\/11\/logo-enrich-br-web.png 957w, https:\/\/brafip.org.br\/brafip\/wp-content\/uploads\/2018\/11\/logo-enrich-br-web-300x133.png 300w, https:\/\/brafip.org.br\/brafip\/wp-content\/uploads\/2018\/11\/logo-enrich-br-web-768x341.png 768w\" sizes=\"(max-width: 957px) 100vw, 957px\" \/><\/a><\/figure><div class=\"elementor-image-box-content\"><h3 class=\"elementor-image-box-title\"><a href=\"http:\/\/brazil.enrichcentres.eu\/\">ENRICH<\/a><\/h3><p class=\"elementor-image-box-description\">A ENRICH no Brasil incentiva e facilita a coopera\u00e7\u00e3o em Pesquisa,\nTecnologia e Empreendedorismo entre a Europa e o Brasil, apoiando e capacitando os Atores de Inova\u00e7\u00e3o!<\/p><\/div><\/div>\t\t\t\t<\/div>\n\t\t\t\t<\/div>\n\t\t\t\t\t<\/div>\n\t\t<\/div>\n\t\t\t\t\t<\/div>\n\t\t<\/section>\n\t\t\t\t<section class=\"elementor-section elementor-top-section elementor-element elementor-element-bd2a6a1 elementor-section-boxed elementor-section-height-default elementor-section-height-default\" data-id=\"bd2a6a1\" data-element_type=\"section\" data-e-type=\"section\">\n\t\t\t\t\t\t<div class=\"elementor-container elementor-column-gap-default\">\n\t\t\t\t\t<div class=\"elementor-column elementor-col-100 elementor-top-column elementor-element elementor-element-52dcc07\" data-id=\"52dcc07\" data-element_type=\"column\" data-e-type=\"column\">\n\t\t\t<div class=\"elementor-widget-wrap elementor-element-populated\">\n\t\t\t\t\t\t<div class=\"elementor-element elementor-element-b4c3ac9 elementor-widget elementor-widget-spacer\" data-id=\"b4c3ac9\" data-element_type=\"widget\" data-e-type=\"widget\" data-widget_type=\"spacer.default\">\n\t\t\t\t<div class=\"elementor-widget-container\">\n\t\t\t\t\t\t\t<div class=\"elementor-spacer\">\n\t\t\t<div class=\"elementor-spacer-inner\"><\/div>\n\t\t<\/div>\n\t\t\t\t\t\t<\/div>\n\t\t\t\t<\/div>\n\t\t\t\t\t<\/div>\n\t\t<\/div>\n\t\t\t\t\t<\/div>\n\t\t<\/section>\n\t\t\t\t<section class=\"elementor-section elementor-top-section elementor-element elementor-element-0b324c7 elementor-section-boxed elementor-section-height-default elementor-section-height-default\" data-id=\"0b324c7\" data-element_type=\"section\" data-e-type=\"section\">\n\t\t\t\t\t\t<div class=\"elementor-container elementor-column-gap-default\">\n\t\t\t\t\t<div class=\"elementor-column elementor-col-33 elementor-top-column elementor-element elementor-element-fc4429a\" data-id=\"fc4429a\" data-element_type=\"column\" data-e-type=\"column\">\n\t\t\t<div class=\"elementor-widget-wrap elementor-element-populated\">\n\t\t\t\t\t\t<div class=\"elementor-element elementor-element-9008b0c elementor-position-top elementor-widget elementor-widget-image-box\" data-id=\"9008b0c\" data-element_type=\"widget\" data-e-type=\"widget\" data-widget_type=\"image-box.default\">\n\t\t\t\t<div class=\"elementor-widget-container\">\n\t\t\t\t\t<div class=\"elementor-image-box-wrapper\"><figure class=\"elementor-image-box-img\"><a href=\"http:\/\/planetic.es\/\" tabindex=\"-1\"><img loading=\"lazy\" decoding=\"async\" width=\"248\" height=\"147\" src=\"https:\/\/brafip.org.br\/brafip\/wp-content\/uploads\/2018\/11\/logo.png\" class=\"attachment-full size-full wp-image-320\" alt=\"\" \/><\/a><\/figure><div class=\"elementor-image-box-content\"><h3 class=\"elementor-image-box-title\"><a href=\"http:\/\/planetic.es\/\">Planetic<\/a><\/h3><p class=\"elementor-image-box-description\">O PLANETIC visa oferecer uma vis\u00e3o global e integrada do setor de TIC espanhol, atender \u00e0s necessidades de TIC dos diferentes setores econ\u00f4micos espanh\u00f3is,\nimpulsionar o posicionamento internacional do setor espanhol de TIC e servir como um espa\u00e7o de trabalho comum para agentes de p+D+i e empresas do setor.<\/p><\/div><\/div>\t\t\t\t<\/div>\n\t\t\t\t<\/div>\n\t\t\t\t\t<\/div>\n\t\t<\/div>\n\t\t\t\t<div class=\"elementor-column elementor-col-33 elementor-top-column elementor-element elementor-element-d7d9de0\" data-id=\"d7d9de0\" data-element_type=\"column\" data-e-type=\"column\">\n\t\t\t<div class=\"elementor-widget-wrap elementor-element-populated\">\n\t\t\t\t\t\t<div class=\"elementor-element elementor-element-3ab0710 elementor-position-top elementor-widget elementor-widget-image-box\" data-id=\"3ab0710\" data-element_type=\"widget\" data-e-type=\"widget\" data-widget_type=\"image-box.default\">\n\t\t\t\t<div class=\"elementor-widget-container\">\n\t\t\t\t\t<div class=\"elementor-image-box-wrapper\"><figure class=\"elementor-image-box-img\"><a href=\"http:\/\/ptu.org.uy\/\" tabindex=\"-1\"><img loading=\"lazy\" decoding=\"async\" width=\"300\" height=\"136\" src=\"https:\/\/brafip.org.br\/brafip\/wp-content\/uploads\/2018\/11\/ptu_img.jpg\" class=\"attachment-full size-full wp-image-324\" alt=\"\" \/><\/a><\/figure><div class=\"elementor-image-box-content\"><h3 class=\"elementor-image-box-title\"><a href=\"http:\/\/ptu.org.uy\/\">PTU<\/a><\/h3><p class=\"elementor-image-box-description\">O principal objetivo da Plataforma Tecnol\u00f3gica Uruguaia (PTU) \u00e9 propor e promover\numa abordagem coerente para as atividades de Pesquisa, Desenvolvimento e Inova\u00e7\u00e3o (I + D + i)\nem Tecnologias de Informa\u00e7\u00e3o e Comunica\u00e7\u00e3o (TICs) no Uruguai. , em colabora\u00e7\u00e3o com as plataformas tecnol\u00f3gicas europeias.<\/p><\/div><\/div>\t\t\t\t<\/div>\n\t\t\t\t<\/div>\n\t\t\t\t\t<\/div>\n\t\t<\/div>\n\t\t\t\t<div class=\"elementor-column elementor-col-33 elementor-top-column elementor-element elementor-element-9ff1dc7\" data-id=\"9ff1dc7\" data-element_type=\"column\" data-e-type=\"column\">\n\t\t\t<div class=\"elementor-widget-wrap elementor-element-populated\">\n\t\t\t\t\t\t<div class=\"elementor-element elementor-element-11b0e3d elementor-position-top elementor-widget elementor-widget-image-box\" data-id=\"11b0e3d\" data-element_type=\"widget\" data-e-type=\"widget\" data-widget_type=\"image-box.default\">\n\t\t\t\t<div class=\"elementor-widget-container\">\n\t\t\t\t\t<div class=\"elementor-image-box-wrapper\"><figure class=\"elementor-image-box-img\"><a href=\"http:\/\/www.ptperu.org\/\" tabindex=\"-1\"><img loading=\"lazy\" decoding=\"async\" width=\"739\" height=\"327\" src=\"https:\/\/brafip.org.br\/brafip\/wp-content\/uploads\/2018\/11\/logo_ptp.jpeg\" class=\"attachment-full size-full wp-image-326\" alt=\"\" srcset=\"https:\/\/brafip.org.br\/brafip\/wp-content\/uploads\/2018\/11\/logo_ptp.jpeg 739w, https:\/\/brafip.org.br\/brafip\/wp-content\/uploads\/2018\/11\/logo_ptp-300x133.jpeg 300w\" sizes=\"(max-width: 739px) 100vw, 739px\" \/><\/a><\/figure><div class=\"elementor-image-box-content\"><h3 class=\"elementor-image-box-title\"><a href=\"http:\/\/www.ptperu.org\/\">PTP<\/a><\/h3><p class=\"elementor-image-box-description\">Espa\u00e7o onde a ind\u00fastria, pequenas e m\u00e9dias empresas, o governo, a academia e os centros de pesquisa possam se concentrear para criar vis\u00f5es conjuntas.<\/p><\/div><\/div>\t\t\t\t<\/div>\n\t\t\t\t<\/div>\n\t\t\t\t\t<\/div>\n\t\t<\/div>\n\t\t\t\t\t<\/div>\n\t\t<\/section>\n\t\t\t\t<section class=\"elementor-section elementor-top-section elementor-element elementor-element-676851b elementor-section-boxed elementor-section-height-default elementor-section-height-default\" data-id=\"676851b\" data-element_type=\"section\" data-e-type=\"section\">\n\t\t\t\t\t\t<div class=\"elementor-container elementor-column-gap-default\">\n\t\t\t\t\t<div class=\"elementor-column elementor-col-100 elementor-top-column elementor-element elementor-element-06a70d0\" data-id=\"06a70d0\" data-element_type=\"column\" data-e-type=\"column\">\n\t\t\t<div class=\"elementor-widget-wrap elementor-element-populated\">\n\t\t\t\t\t\t<div class=\"elementor-element elementor-element-b26f7f6 elementor-widget-divider--view-line elementor-widget elementor-widget-divider\" data-id=\"b26f7f6\" data-element_type=\"widget\" data-e-type=\"widget\" data-widget_type=\"divider.default\">\n\t\t\t\t<div class=\"elementor-widget-container\">\n\t\t\t\t\t\t\t<div class=\"elementor-divider\">\n\t\t\t<span class=\"elementor-divider-separator\">\n\t\t\t\t\t\t<\/span>\n\t\t<\/div>\n\t\t\t\t\t\t<\/div>\n\t\t\t\t<\/div>\n\t\t\t\t\t<\/div>\n\t\t<\/div>\n\t\t\t\t\t<\/div>\n\t\t<\/section>\n\t\t\t\t<section class=\"elementor-section elementor-top-section elementor-element elementor-element-c2f67e0 elementor-section-boxed elementor-section-height-default elementor-section-height-default\" data-id=\"c2f67e0\" data-element_type=\"section\" data-e-type=\"section\">\n\t\t\t\t\t\t<div class=\"elementor-container elementor-column-gap-default\">\n\t\t\t\t\t<div class=\"elementor-column elementor-col-100 elementor-top-column elementor-element elementor-element-5fcd247\" data-id=\"5fcd247\" data-element_type=\"column\" data-e-type=\"column\">\n\t\t\t<div class=\"elementor-widget-wrap elementor-element-populated\">\n\t\t\t\t\t\t<div class=\"elementor-element elementor-element-19cab38 elementor-widget elementor-widget-heading\" data-id=\"19cab38\" data-element_type=\"widget\" data-e-type=\"widget\" data-widget_type=\"heading.default\">\n\t\t\t\t<div class=\"elementor-widget-container\">\n\t\t\t\t\t<h1 class=\"elementor-heading-title elementor-size-default\">Alian\u00e7as Nacionais<\/h1>\t\t\t\t<\/div>\n\t\t\t\t<\/div>\n\t\t\t\t\t<\/div>\n\t\t<\/div>\n\t\t\t\t\t<\/div>\n\t\t<\/section>\n\t\t\t\t<section class=\"elementor-section elementor-top-section elementor-element elementor-element-8efe4d0 elementor-section-boxed elementor-section-height-default elementor-section-height-default\" data-id=\"8efe4d0\" data-element_type=\"section\" data-e-type=\"section\">\n\t\t\t\t\t\t<div class=\"elementor-container elementor-column-gap-default\">\n\t\t\t\t\t<div class=\"elementor-column elementor-col-33 elementor-top-column elementor-element elementor-element-ccdc371\" data-id=\"ccdc371\" data-element_type=\"column\" data-e-type=\"column\">\n\t\t\t<div class=\"elementor-widget-wrap elementor-element-populated\">\n\t\t\t\t\t\t<div class=\"elementor-element elementor-element-18533fb elementor-position-top elementor-widget elementor-widget-image-box\" data-id=\"18533fb\" data-element_type=\"widget\" data-e-type=\"widget\" data-widget_type=\"image-box.default\">\n\t\t\t\t<div class=\"elementor-widget-container\">\n\t\t\t\t\t<div class=\"elementor-image-box-wrapper\"><figure class=\"elementor-image-box-img\"><a href=\"http:\/\/bhtec.org.br\/\" tabindex=\"-1\"><img loading=\"lazy\" decoding=\"async\" width=\"618\" height=\"268\" src=\"https:\/\/brafip.org.br\/brafip\/wp-content\/uploads\/2018\/11\/retina-lg-logo-black.png\" class=\"attachment-full size-full wp-image-328\" alt=\"\" srcset=\"https:\/\/brafip.org.br\/brafip\/wp-content\/uploads\/2018\/11\/retina-lg-logo-black.png 618w, https:\/\/brafip.org.br\/brafip\/wp-content\/uploads\/2018\/11\/retina-lg-logo-black-300x130.png 300w\" sizes=\"(max-width: 618px) 100vw, 618px\" \/><\/a><\/figure><div class=\"elementor-image-box-content\"><h3 class=\"elementor-image-box-title\"><a href=\"http:\/\/bhtec.org.br\/\">BH.TEC<\/a><\/h3><p class=\"elementor-image-box-description\">O BH-TEC \u2013 Parque Tecnol\u00f3gico de Belo Horizonte \u00e9 uma associa\u00e7\u00e3o civil de direito privado, de car\u00e1ter cient\u00edfico, tecnol\u00f3gico, educacional e cultural, sem fins lucrativos, que funciona como um ambiente de neg\u00f3cios abriga empresas que se dedicam a investigar e produzir novas tecnologias e centros p\u00fablicos e privados de Pesquisa &amp; Desenvolvimento.<\/p><\/div><\/div>\t\t\t\t<\/div>\n\t\t\t\t<\/div>\n\t\t\t\t\t<\/div>\n\t\t<\/div>\n\t\t\t\t<div class=\"elementor-column elementor-col-33 elementor-top-column elementor-element elementor-element-1e95267\" data-id=\"1e95267\" data-element_type=\"column\" data-e-type=\"column\">\n\t\t\t<div class=\"elementor-widget-wrap\">\n\t\t\t\t\t\t\t<\/div>\n\t\t<\/div>\n\t\t\t\t<div class=\"elementor-column elementor-col-33 elementor-top-column elementor-element elementor-element-316df1b\" data-id=\"316df1b\" data-element_type=\"column\" data-e-type=\"column\">\n\t\t\t<div class=\"elementor-widget-wrap\">\n\t\t\t\t\t\t\t<\/div>\n\t\t<\/div>\n\t\t\t\t\t<\/div>\n\t\t<\/section>\n\t\t\t\t<\/div>\n\t\t","protected":false},"excerpt":{"rendered":"<p>Fa\u00e7a parte da lista abaixo Clique AQUI Alian\u00e7as Internacionais NESSI A Iniciativa de Software e Servi\u00e7os em Rede, \u00e9 a Plataforma Europeia de Tecnologia,para esta nova Sociedade da Informa\u00e7\u00e3o Digital e Economia iniciada por software e servi\u00e7os e dados. NEM Initiative A Iniciativa NEM (Nova Iniciativa Europeia de M\u00eddia) foi&hellip;<\/p>\n","protected":false},"author":1,"featured_media":0,"parent":0,"menu_order":0,"comment_status":"closed","ping_status":"closed","template":"","meta":{"_price":"","_stock":"","_tribe_ticket_header":"","_tribe_default_ticket_provider":"","_tribe_ticket_capacity":"0","_ticket_start_date":"","_ticket_end_date":"","_tribe_ticket_show_description":"","_tribe_ticket_show_not_going":false,"_tribe_ticket_use_global_stock":"","_tribe_ticket_global_stock_level":"","_global_stock_mode":"","_global_stock_cap":"","_tribe_rsvp_for_event":"","_tribe_ticket_going_count":"","_tribe_ticket_not_going_count":"","_tribe_tickets_list":"[]","_tribe_ticket_has_attendee_info_fields":false,"footnotes":"","_tec_slr_enabled":"","_tec_slr_layout":""},"class_list":["post-144","page","type-page","status-publish","hentry"],"ticketed":false,"_links":{"self":[{"href":"https:\/\/brafip.org.br\/brafip\/wp-json\/wp\/v2\/pages\/144","targetHints":{"allow":["GET"]}}],"collection":[{"href":"https:\/\/brafip.org.br\/brafip\/wp-json\/wp\/v2\/pages"}],"about":[{"href":"https:\/\/brafip.org.br\/brafip\/wp-json\/wp\/v2\/types\/page"}],"author":[{"embeddable":true,"href":"https:\/\/brafip.org.br\/brafip\/wp-json\/wp\/v2\/users\/1"}],"replies":[{"embeddable":true,"href":"https:\/\/brafip.org.br\/brafip\/wp-json\/wp\/v2\/comments?post=144"}],"version-history":[{"count":16,"href":"https:\/\/brafip.org.br\/brafip\/wp-json\/wp\/v2\/pages\/144\/revisions"}],"predecessor-version":[{"id":3334,"href":"https:\/\/brafip.org.br\/brafip\/wp-json\/wp\/v2\/pages\/144\/revisions\/3334"}],"wp:attachment":[{"href":"https:\/\/brafip.org.br\/brafip\/wp-json\/wp\/v2\/media?parent=144"}],"curies":[{"name":"wp","href":"https:\/\/api.w.org\/{rel}","templated":true}]}}